{"id":1576,"date":"2024-10-27T16:43:13","date_gmt":"2024-10-27T16:43:13","guid":{"rendered":"https:\/\/lauras.hr\/?post_type=product&#038;p=1576"},"modified":"2026-01-28T12:54:28","modified_gmt":"2026-01-28T12:54:28","slug":"djecje-kucne-papuce-102-roze","status":"publish","type":"product","link":"https:\/\/lauras.hr\/en\/product\/djecje-kucne-papuce-102-roze","title":{"rendered":"DJE\u010cJE KU\u0106NE PAPU\u010cE 102 &#8211; ROZE"},"content":{"rendered":"<table dir=\"ltr\" border=\"1\" cellspacing=\"0\" cellpadding=\"0\" data-sheets-root=\"1\" data-sheets-baot=\"1\">\n<colgroup>\n<col width=\"996\" \/><\/colgroup>\n<tbody>\n<tr>\n<td colspan=\"1\" rowspan=\"2\">\n<div>\n<p>Dje\u010dje ku\u0107ne papu\u010de izra\u0111ene od finog kepera sa mirisnim \u0111onom od mekanog poliuretana, pru\u017eaju Va\u0161em djetetu ne samo udobnost ve\u0107 i osvje\u017eavaju\u0107i miris pri svakom koraku.<\/p>\n<p>Zahvaljuju\u0107i prakti\u010dnom \u010di\u010dku, papu\u010dica se lako prilago\u0111ava svakom dje\u010djem stopalu, osiguravaju\u0107i savr\u0161eno pristajanje i sigurnost pri svakom koraku, \u0161to omogu\u0107ava Va\u0161em djetetu slobodno kretanje i igru bez ometanja. \u010ci\u010dak ujedno omogu\u0107ava lako i brzo obuvanje i skidanje papu\u010dica.<\/p>\n<p>S tabanicom od ko\u017ee, garantiramo dugotrajnu izdr\u017eljivost i prirodni osje\u0107aj udobnosti.<br \/>\nPru\u017eite svom djetetu korake ispunjene rado\u0161\u0107u i samopouzdanjem.<\/p>\n<p>Du\u017eine gazi\u0161ta:<br \/>\n19\/20 \u2013 12,5cm<br \/>\n21\/22 \u2013 13,5cm<br \/>\n23 \u2013 14,5cm<br \/>\n24 \u2013 15cm<br \/>\n25 \u2013 16cm<br \/>\n26 \u2013 16,5cm<br \/>\n27 \u2013 17cm<br \/>\n28 \u2013 18cm<br \/>\n29 \u2013 18,5cm<\/p>\n<\/div>\n<\/td>\n<\/tr>\n<\/tbody>\n<\/table>","protected":false},"excerpt":{"rendered":"<table dir=\"ltr\" border=\"1\" cellspacing=\"0\" cellpadding=\"0\" data-sheets-root=\"1\" data-sheets-baot=\"1\">\n<colgroup>\n<col width=\"996\" \/><\/colgroup>\n<tbody>\n<tr>\n<td colspan=\"1\" rowspan=\"2\">\n<div>Dje\u010dje ku\u0107ne papu\u010de izra\u0111ene od finog kepera sa mirisnim \u0111onom od mekanog poliuretana, pru\u017eaju Va\u0161em djetetu udobnost i igru bez ometanja.<\/div>\n<\/td>\n<\/tr>\n<\/tbody>\n<\/table>","protected":false},"featured_media":1509,"comment_status":"closed","ping_status":"closed","template":"","meta":{"site-sidebar-layout":"default","site-content-layout":"","ast-site-content-layout":"default","site-content-style":"default","site-sidebar-style":"default","ast-global-header-display":"","ast-banner-title-visibility":"","ast-main-header-display":"","ast-hfb-above-header-display":"","ast-hfb-below-header-display":"","ast-hfb-mobile-header-display":"","site-post-title":"","ast-breadcrumbs-content":"","ast-featured-img":"","footer-sml-layout":"","ast-disable-related-posts":"","theme-transparent-header-meta":"default","adv-header-id-meta":"","stick-header-meta":"default","header-above-stick-meta":"","header-main-stick-meta":"","header-below-stick-meta":"","astra-migrate-meta-layouts":"set","ast-page-background-enabled":"default","ast-page-background-meta":{"desktop":{"background-color":"var(--ast-global-color-4)","background-image":"","background-repeat":"repeat","background-position":"center center","background-size":"auto","background-attachment":"scroll","background-type":"","background-media":"","overlay-type":"","overlay-color":"","overlay-opacity":"","overlay-gradient":""},"tablet":{"background-color":"","background-image":"","background-repeat":"repeat","background-position":"center center","background-size":"auto","background-attachment":"scroll","background-type":"","background-media":"","overlay-type":"","overlay-color":"","overlay-opacity":"","overlay-gradient":""},"mobile":{"background-color":"","background-image":"","background-repeat":"repeat","background-position":"center center","background-size":"auto","background-attachment":"scroll","background-type":"","background-media":"","overlay-type":"","overlay-color":"","overlay-opacity":"","overlay-gradient":""}},"ast-content-background-meta":{"desktop":{"background-color":"var(--ast-global-color-5)","background-image":"","background-repeat":"repeat","background-position":"center center","background-size":"auto","background-attachment":"scroll","background-type":"","background-media":"","overlay-type":"","overlay-color":"","overlay-opacity":"","overlay-gradient":""},"tablet":{"background-color":"var(--ast-global-color-5)","background-image":"","background-repeat":"repeat","background-position":"center center","background-size":"auto","background-attachment":"scroll","background-type":"","background-media":"","overlay-type":"","overlay-color":"","overlay-opacity":"","overlay-gradient":""},"mobile":{"background-color":"var(--ast-global-color-5)","background-image":"","background-repeat":"repeat","background-position":"center center","background-size":"auto","background-attachment":"scroll","background-type":"","background-media":"","overlay-type":"","overlay-color":"","overlay-opacity":"","overlay-gradient":""}}},"product_brand":[],"product_cat":[19,69,132],"product_tag":[],"class_list":{"0":"post-1576","1":"product","2":"type-product","3":"status-publish","4":"has-post-thumbnail","6":"product_cat-djecja-obuca","7":"product_cat-djecje-kucne-papuce","8":"product_cat-obuca-vesna","9":"desktop-align-left","10":"tablet-align-left","11":"mobile-align-center","12":"ast-product-gallery-layout-horizontal-slider","13":"ast-product-single-variable","14":"ast-product-tabs-layout-horizontal","15":"ast-qv-on-image","17":"first","18":"instock","19":"shipping-taxable","20":"purchasable","21":"product-type-variable"},"aioseo_notices":[],"_links":{"self":[{"href":"https:\/\/lauras.hr\/en\/wp-json\/wp\/v2\/product\/1576","targetHints":{"allow":["GET"]}}],"collection":[{"href":"https:\/\/lauras.hr\/en\/wp-json\/wp\/v2\/product"}],"about":[{"href":"https:\/\/lauras.hr\/en\/wp-json\/wp\/v2\/types\/product"}],"replies":[{"embeddable":true,"href":"https:\/\/lauras.hr\/en\/wp-json\/wp\/v2\/comments?post=1576"}],"wp:featuredmedia":[{"embeddable":true,"href":"https:\/\/lauras.hr\/en\/wp-json\/wp\/v2\/media\/1509"}],"wp:attachment":[{"href":"https:\/\/lauras.hr\/en\/wp-json\/wp\/v2\/media?parent=1576"}],"wp:term":[{"taxonomy":"product_brand","embeddable":true,"href":"https:\/\/lauras.hr\/en\/wp-json\/wp\/v2\/product_brand?post=1576"},{"taxonomy":"product_cat","embeddable":true,"href":"https:\/\/lauras.hr\/en\/wp-json\/wp\/v2\/product_cat?post=1576"},{"taxonomy":"product_tag","embeddable":true,"href":"https:\/\/lauras.hr\/en\/wp-json\/wp\/v2\/product_tag?post=1576"}],"curies":[{"name":"wp","href":"https:\/\/api.w.org\/{rel}","templated":true}]}}