{"id":1579,"date":"2024-10-27T16:45:11","date_gmt":"2024-10-27T16:45:11","guid":{"rendered":"https:\/\/lauras.hr\/?post_type=product&#038;p=1579"},"modified":"2025-10-21T13:19:20","modified_gmt":"2025-10-21T13:19:20","slug":"zeko-djecje-kucne-papuce-146-roze","status":"publish","type":"product","link":"https:\/\/lauras.hr\/en\/product\/zeko-djecje-kucne-papuce-146-roze","title":{"rendered":"DJE\u010cJE KU\u0106NE PAPU\u010cE ZEKO 146 &#8211; ROZE"},"content":{"rendered":"<p>Savr\u0161en izbor za najmla\u0111e avanturiste! Ove poluduboke dje\u010dje papu\u010de su ukra\u0161ene predivno izvezenim likom i preslatko savijenim u\u0161ima zeke \u0161to \u0107e sigurno obradovati Va\u0161eg mali\u0161ana i probuditi u njima \u017eelju za igrom. Papu\u010dica se lako prilago\u0111ava svakom dje\u010djem stopalu, osiguravaju\u0107i savr\u0161eno pristajanje i sigurnost pri svakom koraku, \u0161to omogu\u0107ava Va\u0161em djetetu slobodno kretanje i igru bez ometanja. Uzdignutije papu\u010dice pru\u017eaju dodatnu \u010dvrsto\u0107u zglobu djetetove no\u017eice. Sa tabanicom od ko\u017ee, garantiramo dugotrajnu izdr\u017eljivost i prirodni osje\u0107aj udobnosti. Pru\u017eite svom djetetu korake ispunjene rado\u0161\u0107u i samopouzdanjem. Dostupne su u razli\u010ditim veli\u010dinama, od broja 19\/20 do 33\/34, kako bi se prilagodile stopalima mali\u0161ana svih uzrasta.<\/p>\n<div><b>Du\u017eine gazi\u0161ta<\/b>:<br \/>\n19\/20 \u2013 12,5cm<\/div>\n<div>21\/22 \u2013 13,5cm<\/div>\n<div>23 \u2013 14,5cm<\/div>\n<div>24 \u2013 15cm<\/div>\n<div>25 \u2013 16cm<\/div>\n<div>26 \u2013 16,5cm<\/div>\n<div>27 \u2013 17cm<\/div>\n<div>28 \u2013 18cm<\/div>\n<div>29 \u2013 18,5cm<\/div>","protected":false},"excerpt":{"rendered":"<p>Ove poluduboke dje\u010dje papu\u010de su ukra\u0161ene predivno izvezenim likom i preslatko savijenim u\u0161ima zeke \u0161to \u0107e sigurno obradovati Va\u0161eg mali\u0161ana.<\/p>","protected":false},"featured_media":1515,"comment_status":"closed","ping_status":"closed","template":"","meta":{"site-sidebar-layout":"default","site-content-layout":"","ast-site-content-layout":"default","site-content-style":"default","site-sidebar-style":"default","ast-global-header-display":"","ast-banner-title-visibility":"","ast-main-header-display":"","ast-hfb-above-header-display":"","ast-hfb-below-header-display":"","ast-hfb-mobile-header-display":"","site-post-title":"","ast-breadcrumbs-content":"","ast-featured-img":"","footer-sml-layout":"","ast-disable-related-posts":"","theme-transparent-header-meta":"default","adv-header-id-meta":"","stick-header-meta":"default","header-above-stick-meta":"","header-main-stick-meta":"","header-below-stick-meta":"","astra-migrate-meta-layouts":"set","ast-page-background-enabled":"default","ast-page-background-meta":{"desktop":{"background-color":"var(--ast-global-color-4)","background-image":"","background-repeat":"repeat","background-position":"center center","background-size":"auto","background-attachment":"scroll","background-type":"","background-media":"","overlay-type":"","overlay-color":"","overlay-opacity":"","overlay-gradient":""},"tablet":{"background-color":"","background-image":"","background-repeat":"repeat","background-position":"center center","background-size":"auto","background-attachment":"scroll","background-type":"","background-media":"","overlay-type":"","overlay-color":"","overlay-opacity":"","overlay-gradient":""},"mobile":{"background-color":"","background-image":"","background-repeat":"repeat","background-position":"center center","background-size":"auto","background-attachment":"scroll","background-type":"","background-media":"","overlay-type":"","overlay-color":"","overlay-opacity":"","overlay-gradient":""}},"ast-content-background-meta":{"desktop":{"background-color":"var(--ast-global-color-5)","background-image":"","background-repeat":"repeat","background-position":"center center","background-size":"auto","background-attachment":"scroll","background-type":"","background-media":"","overlay-type":"","overlay-color":"","overlay-opacity":"","overlay-gradient":""},"tablet":{"background-color":"var(--ast-global-color-5)","background-image":"","background-repeat":"repeat","background-position":"center center","background-size":"auto","background-attachment":"scroll","background-type":"","background-media":"","overlay-type":"","overlay-color":"","overlay-opacity":"","overlay-gradient":""},"mobile":{"background-color":"var(--ast-global-color-5)","background-image":"","background-repeat":"repeat","background-position":"center center","background-size":"auto","background-attachment":"scroll","background-type":"","background-media":"","overlay-type":"","overlay-color":"","overlay-opacity":"","overlay-gradient":""}}},"product_brand":[],"product_cat":[19,69,132],"product_tag":[],"class_list":{"0":"post-1579","1":"product","2":"type-product","3":"status-publish","4":"has-post-thumbnail","6":"product_cat-djecja-obuca","7":"product_cat-djecje-kucne-papuce","8":"product_cat-obuca-vesna","9":"desktop-align-left","10":"tablet-align-left","11":"mobile-align-center","12":"ast-product-gallery-layout-horizontal-slider","13":"ast-product-single-variable","14":"ast-product-tabs-layout-horizontal","15":"ast-qv-on-image","17":"first","18":"instock","19":"shipping-taxable","20":"purchasable","21":"product-type-variable"},"aioseo_notices":[],"_links":{"self":[{"href":"https:\/\/lauras.hr\/en\/wp-json\/wp\/v2\/product\/1579","targetHints":{"allow":["GET"]}}],"collection":[{"href":"https:\/\/lauras.hr\/en\/wp-json\/wp\/v2\/product"}],"about":[{"href":"https:\/\/lauras.hr\/en\/wp-json\/wp\/v2\/types\/product"}],"replies":[{"embeddable":true,"href":"https:\/\/lauras.hr\/en\/wp-json\/wp\/v2\/comments?post=1579"}],"wp:featuredmedia":[{"embeddable":true,"href":"https:\/\/lauras.hr\/en\/wp-json\/wp\/v2\/media\/1515"}],"wp:attachment":[{"href":"https:\/\/lauras.hr\/en\/wp-json\/wp\/v2\/media?parent=1579"}],"wp:term":[{"taxonomy":"product_brand","embeddable":true,"href":"https:\/\/lauras.hr\/en\/wp-json\/wp\/v2\/product_brand?post=1579"},{"taxonomy":"product_cat","embeddable":true,"href":"https:\/\/lauras.hr\/en\/wp-json\/wp\/v2\/product_cat?post=1579"},{"taxonomy":"product_tag","embeddable":true,"href":"https:\/\/lauras.hr\/en\/wp-json\/wp\/v2\/product_tag?post=1579"}],"curies":[{"name":"wp","href":"https:\/\/api.w.org\/{rel}","templated":true}]}}