{"id":1581,"date":"2024-10-27T16:50:30","date_gmt":"2024-10-27T16:50:30","guid":{"rendered":"https:\/\/lauras.hr\/?post_type=product&#038;p=1581"},"modified":"2025-08-27T08:34:26","modified_gmt":"2025-08-27T08:34:26","slug":"sena-djecje-kucne-papuce-275-roze-jednorog","status":"publish","type":"product","link":"https:\/\/lauras.hr\/en\/product\/sena-djecje-kucne-papuce-275-roze-jednorog","title":{"rendered":"DJE\u010cJE KU\u0106NE PAPU\u010cE SENA 275 &#8211; ROZE JEDNOROG"},"content":{"rendered":"<p style=\"text-align: left;\">Dje\u010dje ku\u0107ne papu\u010de savr\u0161ene za Va\u0161e mali\u0161ane koji vole aktivnosti i avanture. Na\u0161e papu\u010de sa mirisnim \u0111onom postaju pravi mali modni detalj za svako dijete. Gornji dio je izra\u0111en od pli\u0161a \u0161to ih \u010dini mekanim i udobnim na dodir. Ne kli\u017eu se i pru\u017eaju sigurnost pri hodu, tako da \u0107e Va\u0161e dijete u\u017eivati u bezbri\u017enom hodanju i tr\u010danju bez problema. Dostupno u veli\u010dinama od 24\/25 do 34\/35, tako da svako dijete mo\u017ee prona\u0107i savr\u0161ene papu\u010de koje odgovaraju njihovim stopalima.<\/p>\n<p>Du\u017eine gazi\u0161ta:<br \/>\n24\/5 -15,5cm<br \/>\n26\/7 -16,8cm<br \/>\n28\/9 -18,2cm<br \/>\n30\/1 -20cm<br \/>\n32\/3 -21cm<br \/>\n34\/5 -22,8cm<\/p>","protected":false},"excerpt":{"rendered":"<p>Dje\u010dje ku\u0107ne papu\u010de savr\u0161ene za Va\u0161e mali\u0161ane koji vole aktivnosti i avanture. Na\u0161e papu\u010de sa mirisnim \u0111onom postaju pravi mali modni detalj za svako dijete. Gornji dio je izra\u0111en od pli\u0161a \u0161to ih \u010dini mekanim i udobnim na dodir.<\/p>","protected":false},"featured_media":1525,"comment_status":"closed","ping_status":"closed","template":"","meta":{"site-sidebar-layout":"default","site-content-layout":"","ast-site-content-layout":"default","site-content-style":"default","site-sidebar-style":"default","ast-global-header-display":"","ast-banner-title-visibility":"","ast-main-header-display":"","ast-hfb-above-header-display":"","ast-hfb-below-header-display":"","ast-hfb-mobile-header-display":"","site-post-title":"","ast-breadcrumbs-content":"","ast-featured-img":"","footer-sml-layout":"","ast-disable-related-posts":"","theme-transparent-header-meta":"default","adv-header-id-meta":"","stick-header-meta":"default","header-above-stick-meta":"","header-main-stick-meta":"","header-below-stick-meta":"","astra-migrate-meta-layouts":"set","ast-page-background-enabled":"default","ast-page-background-meta":{"desktop":{"background-color":"var(--ast-global-color-4)","background-image":"","background-repeat":"repeat","background-position":"center center","background-size":"auto","background-attachment":"scroll","background-type":"","background-media":"","overlay-type":"","overlay-color":"","overlay-opacity":"","overlay-gradient":""},"tablet":{"background-color":"","background-image":"","background-repeat":"repeat","background-position":"center center","background-size":"auto","background-attachment":"scroll","background-type":"","background-media":"","overlay-type":"","overlay-color":"","overlay-opacity":"","overlay-gradient":""},"mobile":{"background-color":"","background-image":"","background-repeat":"repeat","background-position":"center center","background-size":"auto","background-attachment":"scroll","background-type":"","background-media":"","overlay-type":"","overlay-color":"","overlay-opacity":"","overlay-gradient":""}},"ast-content-background-meta":{"desktop":{"background-color":"var(--ast-global-color-5)","background-image":"","background-repeat":"repeat","background-position":"center center","background-size":"auto","background-attachment":"scroll","background-type":"","background-media":"","overlay-type":"","overlay-color":"","overlay-opacity":"","overlay-gradient":""},"tablet":{"background-color":"var(--ast-global-color-5)","background-image":"","background-repeat":"repeat","background-position":"center center","background-size":"auto","background-attachment":"scroll","background-type":"","background-media":"","overlay-type":"","overlay-color":"","overlay-opacity":"","overlay-gradient":""},"mobile":{"background-color":"var(--ast-global-color-5)","background-image":"","background-repeat":"repeat","background-position":"center center","background-size":"auto","background-attachment":"scroll","background-type":"","background-media":"","overlay-type":"","overlay-color":"","overlay-opacity":"","overlay-gradient":""}}},"product_brand":[],"product_cat":[19,69,132],"product_tag":[],"class_list":{"0":"post-1581","1":"product","2":"type-product","3":"status-publish","4":"has-post-thumbnail","6":"product_cat-djecja-obuca","7":"product_cat-djecje-kucne-papuce","8":"product_cat-obuca-vesna","9":"desktop-align-left","10":"tablet-align-left","11":"mobile-align-center","12":"ast-product-gallery-layout-horizontal-slider","13":"ast-product-single-variable","14":"ast-product-tabs-layout-horizontal","15":"ast-qv-on-image","17":"first","18":"instock","19":"shipping-taxable","20":"purchasable","21":"product-type-variable"},"aioseo_notices":[],"_links":{"self":[{"href":"https:\/\/lauras.hr\/en\/wp-json\/wp\/v2\/product\/1581","targetHints":{"allow":["GET"]}}],"collection":[{"href":"https:\/\/lauras.hr\/en\/wp-json\/wp\/v2\/product"}],"about":[{"href":"https:\/\/lauras.hr\/en\/wp-json\/wp\/v2\/types\/product"}],"replies":[{"embeddable":true,"href":"https:\/\/lauras.hr\/en\/wp-json\/wp\/v2\/comments?post=1581"}],"wp:featuredmedia":[{"embeddable":true,"href":"https:\/\/lauras.hr\/en\/wp-json\/wp\/v2\/media\/1525"}],"wp:attachment":[{"href":"https:\/\/lauras.hr\/en\/wp-json\/wp\/v2\/media?parent=1581"}],"wp:term":[{"taxonomy":"product_brand","embeddable":true,"href":"https:\/\/lauras.hr\/en\/wp-json\/wp\/v2\/product_brand?post=1581"},{"taxonomy":"product_cat","embeddable":true,"href":"https:\/\/lauras.hr\/en\/wp-json\/wp\/v2\/product_cat?post=1581"},{"taxonomy":"product_tag","embeddable":true,"href":"https:\/\/lauras.hr\/en\/wp-json\/wp\/v2\/product_tag?post=1581"}],"curies":[{"name":"wp","href":"https:\/\/api.w.org\/{rel}","templated":true}]}}