{"id":4894,"date":"2024-11-13T10:51:29","date_gmt":"2024-11-13T10:51:29","guid":{"rendered":"https:\/\/lauras.hr\/?post_type=product&#038;p=4894"},"modified":"2025-10-21T09:29:20","modified_gmt":"2025-10-21T09:29:20","slug":"muske-kucne-papuce-01103-sive","status":"publish","type":"product","link":"https:\/\/lauras.hr\/en\/product\/muske-kucne-papuce-01103-sive","title":{"rendered":"MU\u0160KE KU\u0106NE PAPU\u010cE 01103 &#8211; SIVE"},"content":{"rendered":"<p><span data-sheets-root=\"1\">Udobnost koja dolazi u stilu! Na\u0161e sive mu\u0161ke ku\u0107ne papu\u010de savr\u0161eno spajaju prakti\u010dnost s modernim dizajnom, pru\u017eaju\u0107i vam idealnu kombinaciju za svaki trenutak opu\u0161tanja kod ku\u0107e.<\/span><\/p>\n<p>Izra\u0111ene od visokokvalitetnih materijala, ove papu\u010de osiguravaju meko\u0107u i dugotrajanu udobnost. Bilo da se opu\u0161tate nakon napornog dana ili u\u017eivate u jutarnjoj kavi, ove papu\u010de pru\u017eaju maksimalnu udobnost zahvaljuju\u0107i svojoj mekanoj unutra\u0161njosti i anatomski oblikovanoj podlozi koja se prilago\u0111ava svakom koraku.<\/p>\n<p>Siva boja dodaje elegantan, neutralan \u0161arm, savr\u0161eno se uklapaju u svaki mu\u0161ki prostor.<\/p>\n<p>Ove papu\u010de nisu samo udoban izbor za opu\u0161tanje, ve\u0107 i idealan poklon za svakog mu\u0161karca koji cijeni kvalitetu, udobnost i moderni dizajn u svakodnevnim stvarima. Proizvedeno u Hrvatskoj.<\/p>\n<p>Du\u017eine gazi\u0161ta:<br \/>\n41-27,5cm<br \/>\n42-28cm<br \/>\n43-29cm<br \/>\n44-29,5cm<br \/>\n45-30cm<br \/>\n46-31cm<\/p>","protected":false},"excerpt":{"rendered":"<p><span data-sheets-root=\"1\">Udobnost koja dolazi u stilu! Na\u0161e sive mu\u0161ke ku\u0107ne papu\u010de savr\u0161eno spajaju prakti\u010dnost s modernim dizajnom, za svaki trenutak opu\u0161tanja kod ku\u0107e.<\/span><\/p>\n<p>&nbsp;<\/p>","protected":false},"featured_media":9216,"comment_status":"closed","ping_status":"closed","template":"","meta":{"site-sidebar-layout":"default","site-content-layout":"","ast-site-content-layout":"default","site-content-style":"default","site-sidebar-style":"default","ast-global-header-display":"","ast-banner-title-visibility":"","ast-main-header-display":"","ast-hfb-above-header-display":"","ast-hfb-below-header-display":"","ast-hfb-mobile-header-display":"","site-post-title":"","ast-breadcrumbs-content":"","ast-featured-img":"","footer-sml-layout":"","ast-disable-related-posts":"","theme-transparent-header-meta":"default","adv-header-id-meta":"","stick-header-meta":"default","header-above-stick-meta":"","header-main-stick-meta":"","header-below-stick-meta":"","astra-migrate-meta-layouts":"set","ast-page-background-enabled":"default","ast-page-background-meta":{"desktop":{"background-color":"var(--ast-global-color-4)","background-image":"","background-repeat":"repeat","background-position":"center center","background-size":"auto","background-attachment":"scroll","background-type":"","background-media":"","overlay-type":"","overlay-color":"","overlay-opacity":"","overlay-gradient":""},"tablet":{"background-color":"","background-image":"","background-repeat":"repeat","background-position":"center center","background-size":"auto","background-attachment":"scroll","background-type":"","background-media":"","overlay-type":"","overlay-color":"","overlay-opacity":"","overlay-gradient":""},"mobile":{"background-color":"","background-image":"","background-repeat":"repeat","background-position":"center center","background-size":"auto","background-attachment":"scroll","background-type":"","background-media":"","overlay-type":"","overlay-color":"","overlay-opacity":"","overlay-gradient":""}},"ast-content-background-meta":{"desktop":{"background-color":"var(--ast-global-color-5)","background-image":"","background-repeat":"repeat","background-position":"center center","background-size":"auto","background-attachment":"scroll","background-type":"","background-media":"","overlay-type":"","overlay-color":"","overlay-opacity":"","overlay-gradient":""},"tablet":{"background-color":"var(--ast-global-color-5)","background-image":"","background-repeat":"repeat","background-position":"center center","background-size":"auto","background-attachment":"scroll","background-type":"","background-media":"","overlay-type":"","overlay-color":"","overlay-opacity":"","overlay-gradient":""},"mobile":{"background-color":"var(--ast-global-color-5)","background-image":"","background-repeat":"repeat","background-position":"center center","background-size":"auto","background-attachment":"scroll","background-type":"","background-media":"","overlay-type":"","overlay-color":"","overlay-opacity":"","overlay-gradient":""}}},"product_brand":[],"product_cat":[22,133,18],"product_tag":[],"class_list":{"0":"post-4894","1":"product","2":"type-product","3":"status-publish","4":"has-post-thumbnail","6":"product_cat-muske-kucne-papuce","7":"product_cat-larus","8":"product_cat-muska-obuca","9":"desktop-align-left","10":"tablet-align-left","11":"mobile-align-center","12":"ast-product-gallery-layout-horizontal-slider","13":"ast-product-single-variable","14":"ast-product-tabs-layout-horizontal","15":"ast-qv-on-image","17":"first","18":"instock","19":"shipping-taxable","20":"purchasable","21":"product-type-variable"},"aioseo_notices":[],"_links":{"self":[{"href":"https:\/\/lauras.hr\/en\/wp-json\/wp\/v2\/product\/4894","targetHints":{"allow":["GET"]}}],"collection":[{"href":"https:\/\/lauras.hr\/en\/wp-json\/wp\/v2\/product"}],"about":[{"href":"https:\/\/lauras.hr\/en\/wp-json\/wp\/v2\/types\/product"}],"replies":[{"embeddable":true,"href":"https:\/\/lauras.hr\/en\/wp-json\/wp\/v2\/comments?post=4894"}],"wp:featuredmedia":[{"embeddable":true,"href":"https:\/\/lauras.hr\/en\/wp-json\/wp\/v2\/media\/9216"}],"wp:attachment":[{"href":"https:\/\/lauras.hr\/en\/wp-json\/wp\/v2\/media?parent=4894"}],"wp:term":[{"taxonomy":"product_brand","embeddable":true,"href":"https:\/\/lauras.hr\/en\/wp-json\/wp\/v2\/product_brand?post=4894"},{"taxonomy":"product_cat","embeddable":true,"href":"https:\/\/lauras.hr\/en\/wp-json\/wp\/v2\/product_cat?post=4894"},{"taxonomy":"product_tag","embeddable":true,"href":"https:\/\/lauras.hr\/en\/wp-json\/wp\/v2\/product_tag?post=4894"}],"curies":[{"name":"wp","href":"https:\/\/api.w.org\/{rel}","templated":true}]}}