{"id":4942,"date":"2024-11-13T11:16:57","date_gmt":"2024-11-13T11:16:57","guid":{"rendered":"https:\/\/lauras.hr\/?post_type=product&#038;p=4942"},"modified":"2025-10-05T10:18:34","modified_gmt":"2025-10-05T10:18:34","slug":"muske-kozne-natikace-3500-smede","status":"publish","type":"product","link":"https:\/\/lauras.hr\/en\/product\/muske-kozne-natikace-3500-smede","title":{"rendered":"MU\u0160KE KO\u017dNE NATIKA\u010cE 3500 &#8211; SME\u0110E"},"content":{"rendered":"<p>Zahvaljuju\u0107i klasi\u010dnom dizajnu i izuzetnoj udobnosti, na\u0161e mu\u0161ke ko\u017ene natika\u010de savr\u0161en su izbor za svaki dan. Ove natika\u010de pru\u017eaju sofisticiran izgled koji ne odma\u0161uje od udobnosti.<\/p>\n<p>Izra\u0111ene od najkvalitetnije gove\u0111e ko\u017ee, ove natika\u010de su otporne na svakodnevno no\u0161enje, a istovremeno omogu\u0107uju va\u0161im stopalima da di\u0161u. Mekana unutra\u0161njost i ergonomi\u010dna podloga omogu\u0107uju podr\u0161ku u svakom koraku, dok \u010dvrsta vanjska potplata pru\u017ea stabilnost.<\/p>\n<p>Elegantan, ali prakti\u010dan dizajn omogu\u0107uje jednostavno kombiniranje s raznim stilovima \u2013 od le\u017eernih, svakodnevnih outfita do opu\u0161tenih ve\u010dernjih kombinacija.<\/p>\n<p>Bilo da tra\u017eite udobnost za svaki dan ili kvalitetne natika\u010de za posebne trenutke, ove ko\u017ene natika\u010de pru\u017eit \u0107e vam upravo ono \u0161to vam treba. Proizvedeno u Hrvatskoj.<\/p>\n<p>Du\u017eine gazi\u0161ta:<\/p>\n<p>41-27,5cm<br \/>\n42-28cm<br \/>\n43-29cm<br \/>\n44-29,5cm<br \/>\n45-30cm<br \/>\n46-31cm<\/p>","protected":false},"excerpt":{"rendered":"<p>Zahvaljuju\u0107i klasi\u010dnom dizajnu i izuzetnoj udobnosti, na\u0161e mu\u0161ke ko\u017ene natika\u010de savr\u0161en su izbor za svaki dan. Izra\u0111ene od najkvalitetnije gove\u0111e ko\u017ee.<\/p>","protected":false},"featured_media":5469,"comment_status":"closed","ping_status":"closed","template":"","meta":{"site-sidebar-layout":"default","site-content-layout":"","ast-site-content-layout":"default","site-content-style":"default","site-sidebar-style":"default","ast-global-header-display":"","ast-banner-title-visibility":"","ast-main-header-display":"","ast-hfb-above-header-display":"","ast-hfb-below-header-display":"","ast-hfb-mobile-header-display":"","site-post-title":"","ast-breadcrumbs-content":"","ast-featured-img":"","footer-sml-layout":"","ast-disable-related-posts":"","theme-transparent-header-meta":"default","adv-header-id-meta":"","stick-header-meta":"default","header-above-stick-meta":"","header-main-stick-meta":"","header-below-stick-meta":"","astra-migrate-meta-layouts":"set","ast-page-background-enabled":"default","ast-page-background-meta":{"desktop":{"background-color":"var(--ast-global-color-4)","background-image":"","background-repeat":"repeat","background-position":"center center","background-size":"auto","background-attachment":"scroll","background-type":"","background-media":"","overlay-type":"","overlay-color":"","overlay-opacity":"","overlay-gradient":""},"tablet":{"background-color":"","background-image":"","background-repeat":"repeat","background-position":"center center","background-size":"auto","background-attachment":"scroll","background-type":"","background-media":"","overlay-type":"","overlay-color":"","overlay-opacity":"","overlay-gradient":""},"mobile":{"background-color":"","background-image":"","background-repeat":"repeat","background-position":"center center","background-size":"auto","background-attachment":"scroll","background-type":"","background-media":"","overlay-type":"","overlay-color":"","overlay-opacity":"","overlay-gradient":""}},"ast-content-background-meta":{"desktop":{"background-color":"var(--ast-global-color-5)","background-image":"","background-repeat":"repeat","background-position":"center center","background-size":"auto","background-attachment":"scroll","background-type":"","background-media":"","overlay-type":"","overlay-color":"","overlay-opacity":"","overlay-gradient":""},"tablet":{"background-color":"var(--ast-global-color-5)","background-image":"","background-repeat":"repeat","background-position":"center center","background-size":"auto","background-attachment":"scroll","background-type":"","background-media":"","overlay-type":"","overlay-color":"","overlay-opacity":"","overlay-gradient":""},"mobile":{"background-color":"var(--ast-global-color-5)","background-image":"","background-repeat":"repeat","background-position":"center center","background-size":"auto","background-attachment":"scroll","background-type":"","background-media":"","overlay-type":"","overlay-color":"","overlay-opacity":"","overlay-gradient":""}}},"product_brand":[],"product_cat":[22,133,18],"product_tag":[],"class_list":{"0":"post-4942","1":"product","2":"type-product","3":"status-publish","4":"has-post-thumbnail","6":"product_cat-muske-kucne-papuce","7":"product_cat-larus","8":"product_cat-muska-obuca","9":"desktop-align-left","10":"tablet-align-left","11":"mobile-align-center","12":"ast-product-gallery-layout-horizontal-slider","13":"ast-product-single-variable","14":"ast-product-tabs-layout-horizontal","15":"ast-qv-on-image","17":"first","18":"instock","19":"shipping-taxable","20":"purchasable","21":"product-type-variable"},"aioseo_notices":[],"_links":{"self":[{"href":"https:\/\/lauras.hr\/en\/wp-json\/wp\/v2\/product\/4942","targetHints":{"allow":["GET"]}}],"collection":[{"href":"https:\/\/lauras.hr\/en\/wp-json\/wp\/v2\/product"}],"about":[{"href":"https:\/\/lauras.hr\/en\/wp-json\/wp\/v2\/types\/product"}],"replies":[{"embeddable":true,"href":"https:\/\/lauras.hr\/en\/wp-json\/wp\/v2\/comments?post=4942"}],"wp:featuredmedia":[{"embeddable":true,"href":"https:\/\/lauras.hr\/en\/wp-json\/wp\/v2\/media\/5469"}],"wp:attachment":[{"href":"https:\/\/lauras.hr\/en\/wp-json\/wp\/v2\/media?parent=4942"}],"wp:term":[{"taxonomy":"product_brand","embeddable":true,"href":"https:\/\/lauras.hr\/en\/wp-json\/wp\/v2\/product_brand?post=4942"},{"taxonomy":"product_cat","embeddable":true,"href":"https:\/\/lauras.hr\/en\/wp-json\/wp\/v2\/product_cat?post=4942"},{"taxonomy":"product_tag","embeddable":true,"href":"https:\/\/lauras.hr\/en\/wp-json\/wp\/v2\/product_tag?post=4942"}],"curies":[{"name":"wp","href":"https:\/\/api.w.org\/{rel}","templated":true}]}}