{"id":6298,"date":"2025-02-04T13:48:30","date_gmt":"2025-02-04T13:48:30","guid":{"rendered":"https:\/\/lauras.hr\/?post_type=product&#038;p=6298"},"modified":"2026-01-13T12:22:50","modified_gmt":"2026-01-13T12:22:50","slug":"royal-zenske-klompe-193-biserno-bijele","status":"publish","type":"product","link":"https:\/\/lauras.hr\/en\/product\/royal-zenske-klompe-193-biserno-bijele","title":{"rendered":"ROYAL \u017dENSKE KLOMPE 193 &#8211; BISERNO-BIJELE"},"content":{"rendered":"<p>Klompe sa za\u0161titnim gelom nude udobnost\u00a0<strong>neutraliziraju\u0107i<\/strong>\u00a0pritisak pri svakom koraku.<br \/>\nIzra\u0111ene su od eko ko\u017ee s ko\u017enim \u0111onom, za\u00a0<strong>stabilnost i fleksibilnost u kretanju.<\/strong><br \/>\nRu\u010dno pro\u0161iveni detalji i podesivi remen omogu\u0107avaju lako prilago\u0111avanje, \u010dine\u0107i ove klompe idealnim za one koji\u00a0<strong>provode puno vremena na nogama<\/strong>.<\/p>\n<p>Lice od eko ko\u017ee, u kombinaciji sa ko\u017enim gazi\u0161tem i PU \u0111onom omogu\u0107avaju udobnost stopala tijekom kretanja.<br \/>\nDostupne u veli\u010dinama od 37 do 42.<\/p>\n<p><strong>Du\u017eina gazi\u0161ta:<\/strong><\/p>\n<p>37-23,70cm<\/p>\n<p>38-24,4cm<\/p>\n<p>39-25cm<\/p>\n<p>40-26cm<\/p>\n<p>41-26,7cm<\/p>\n<p>42-27,2cm<\/p>","protected":false},"excerpt":{"rendered":"<p>Klompe sa za\u0161titnim gelom nude udobnost <strong>neutraliziraju\u0107i<\/strong>\u00a0pritisak pri svakom koraku.<br \/>\nIzra\u0111ene su od eko ko\u017ee s ko\u017enim \u0111onom, za\u00a0<strong>stabilnost i fleksibilnost u kretanju.<\/strong><\/p>","protected":false},"featured_media":7964,"comment_status":"closed","ping_status":"closed","template":"","meta":{"site-sidebar-layout":"default","site-content-layout":"","ast-site-content-layout":"default","site-content-style":"default","site-sidebar-style":"default","ast-global-header-display":"","ast-banner-title-visibility":"","ast-main-header-display":"","ast-hfb-above-header-display":"","ast-hfb-below-header-display":"","ast-hfb-mobile-header-display":"","site-post-title":"","ast-breadcrumbs-content":"","ast-featured-img":"","footer-sml-layout":"","ast-disable-related-posts":"","theme-transparent-header-meta":"default","adv-header-id-meta":"","stick-header-meta":"default","header-above-stick-meta":"","header-main-stick-meta":"","header-below-stick-meta":"","astra-migrate-meta-layouts":"set","ast-page-background-enabled":"default","ast-page-background-meta":{"desktop":{"background-color":"var(--ast-global-color-4)","background-image":"","background-repeat":"repeat","background-position":"center center","background-size":"auto","background-attachment":"scroll","background-type":"","background-media":"","overlay-type":"","overlay-color":"","overlay-opacity":"","overlay-gradient":""},"tablet":{"background-color":"","background-image":"","background-repeat":"repeat","background-position":"center center","background-size":"auto","background-attachment":"scroll","background-type":"","background-media":"","overlay-type":"","overlay-color":"","overlay-opacity":"","overlay-gradient":""},"mobile":{"background-color":"","background-image":"","background-repeat":"repeat","background-position":"center center","background-size":"auto","background-attachment":"scroll","background-type":"","background-media":"","overlay-type":"","overlay-color":"","overlay-opacity":"","overlay-gradient":""}},"ast-content-background-meta":{"desktop":{"background-color":"var(--ast-global-color-5)","background-image":"","background-repeat":"repeat","background-position":"center center","background-size":"auto","background-attachment":"scroll","background-type":"","background-media":"","overlay-type":"","overlay-color":"","overlay-opacity":"","overlay-gradient":""},"tablet":{"background-color":"var(--ast-global-color-5)","background-image":"","background-repeat":"repeat","background-position":"center center","background-size":"auto","background-attachment":"scroll","background-type":"","background-media":"","overlay-type":"","overlay-color":"","overlay-opacity":"","overlay-gradient":""},"mobile":{"background-color":"var(--ast-global-color-5)","background-image":"","background-repeat":"repeat","background-position":"center center","background-size":"auto","background-attachment":"scroll","background-type":"","background-media":"","overlay-type":"","overlay-color":"","overlay-opacity":"","overlay-gradient":""}}},"product_brand":[],"product_cat":[23,132,17],"product_tag":[],"class_list":{"0":"post-6298","1":"product","2":"type-product","3":"status-publish","4":"has-post-thumbnail","6":"product_cat-klompe","7":"product_cat-obuca-vesna","8":"product_cat-zenska-obuca","9":"desktop-align-left","10":"tablet-align-left","11":"mobile-align-center","12":"ast-product-gallery-layout-horizontal-slider","13":"ast-product-single-variable","14":"ast-product-tabs-layout-horizontal","15":"ast-qv-on-image","17":"first","18":"instock","19":"shipping-taxable","20":"purchasable","21":"product-type-variable"},"aioseo_notices":[],"_links":{"self":[{"href":"https:\/\/lauras.hr\/en\/wp-json\/wp\/v2\/product\/6298","targetHints":{"allow":["GET"]}}],"collection":[{"href":"https:\/\/lauras.hr\/en\/wp-json\/wp\/v2\/product"}],"about":[{"href":"https:\/\/lauras.hr\/en\/wp-json\/wp\/v2\/types\/product"}],"replies":[{"embeddable":true,"href":"https:\/\/lauras.hr\/en\/wp-json\/wp\/v2\/comments?post=6298"}],"wp:featuredmedia":[{"embeddable":true,"href":"https:\/\/lauras.hr\/en\/wp-json\/wp\/v2\/media\/7964"}],"wp:attachment":[{"href":"https:\/\/lauras.hr\/en\/wp-json\/wp\/v2\/media?parent=6298"}],"wp:term":[{"taxonomy":"product_brand","embeddable":true,"href":"https:\/\/lauras.hr\/en\/wp-json\/wp\/v2\/product_brand?post=6298"},{"taxonomy":"product_cat","embeddable":true,"href":"https:\/\/lauras.hr\/en\/wp-json\/wp\/v2\/product_cat?post=6298"},{"taxonomy":"product_tag","embeddable":true,"href":"https:\/\/lauras.hr\/en\/wp-json\/wp\/v2\/product_tag?post=6298"}],"curies":[{"name":"wp","href":"https:\/\/api.w.org\/{rel}","templated":true}]}}