{"id":6537,"date":"2025-02-27T20:10:59","date_gmt":"2025-02-27T20:10:59","guid":{"rendered":"https:\/\/lauras.hr\/?post_type=product&#038;p=6537"},"modified":"2025-09-11T09:41:17","modified_gmt":"2025-09-11T09:41:17","slug":"zenske-kozne-klompe-4-zone-6501-modre","status":"publish","type":"product","link":"https:\/\/lauras.hr\/en\/product\/zenske-kozne-klompe-4-zone-6501-modre","title":{"rendered":"\u017dENSKE KO\u017dNE KLOMPE 4 ZONE 6501 &#8211; MODRE"},"content":{"rendered":"<p style=\"text-align: left;\">\u017denske anatomske klompe 4 zone pru\u017eaju izuzetnu udobnost i podr\u0161ku prilikom du\u017eeg stajanje ili hodanja. Dizajnirane su sa \u010detiri funkcionalne zone koje omogu\u0107uju optimalnu raspodjelu te\u017eine i smanjuju optere\u0107enje na stopalima, a remen Vam omogu\u0107uje reguliranje \u0161irine. Klompe imaju anatomski oblikovanu tabanicu koja se prilago\u0111ava prirodnoj liniji stopala. Idealne su za zanimanja koja zahtjevu dugo stajanje ili hodanje, a obzirom na to da pru\u017eaju visoku udobnost, ove klompe odli\u010dan su izbor i za svakodnevne aktivnosti.<\/p>\n<p>Proizvedeno u Hrvatskoj.<\/p>\n<p style=\"text-align: left;\">Du\u017eine gazi\u0161ta:<br \/>\n37-24cm<br \/>\n38-25cm<br \/>\n39-25,8cm<br \/>\n40-26,5cm<br \/>\n41-27cm<br \/>\n42-27,5cm<\/p>\n<p>&nbsp;<\/p>","protected":false},"excerpt":{"rendered":"<p>\u017denska ko\u017ena klompa s 4 funkcionalne zone koje omogu\u0107uju optimalnu raspodjelu te\u017eine i smanjuju optere\u0107enje na stopalima. Izra\u0111ene od prirodne ko\u017ee na tradicionalan na\u010din.<\/p>\n<div class=\"woocommerce-product-details__short-description\">\n<p><strong>Zbog ulo\u0161ka s 4 zone, preporu\u010damo da uzmete broj ve\u0107e od broja kojeg ina\u010de nosite.<\/strong><\/p>\n<\/div>\n<p>&nbsp;<\/p>","protected":false},"featured_media":6544,"comment_status":"closed","ping_status":"closed","template":"","meta":{"site-sidebar-layout":"default","site-content-layout":"","ast-site-content-layout":"default","site-content-style":"default","site-sidebar-style":"default","ast-global-header-display":"","ast-banner-title-visibility":"","ast-main-header-display":"","ast-hfb-above-header-display":"","ast-hfb-below-header-display":"","ast-hfb-mobile-header-display":"","site-post-title":"","ast-breadcrumbs-content":"","ast-featured-img":"","footer-sml-layout":"","ast-disable-related-posts":"","theme-transparent-header-meta":"default","adv-header-id-meta":"","stick-header-meta":"default","header-above-stick-meta":"","header-main-stick-meta":"","header-below-stick-meta":"","astra-migrate-meta-layouts":"set","ast-page-background-enabled":"default","ast-page-background-meta":{"desktop":{"background-color":"var(--ast-global-color-4)","background-image":"","background-repeat":"repeat","background-position":"center center","background-size":"auto","background-attachment":"scroll","background-type":"","background-media":"","overlay-type":"","overlay-color":"","overlay-opacity":"","overlay-gradient":""},"tablet":{"background-color":"","background-image":"","background-repeat":"repeat","background-position":"center center","background-size":"auto","background-attachment":"scroll","background-type":"","background-media":"","overlay-type":"","overlay-color":"","overlay-opacity":"","overlay-gradient":""},"mobile":{"background-color":"","background-image":"","background-repeat":"repeat","background-position":"center center","background-size":"auto","background-attachment":"scroll","background-type":"","background-media":"","overlay-type":"","overlay-color":"","overlay-opacity":"","overlay-gradient":""}},"ast-content-background-meta":{"desktop":{"background-color":"var(--ast-global-color-5)","background-image":"","background-repeat":"repeat","background-position":"center center","background-size":"auto","background-attachment":"scroll","background-type":"","background-media":"","overlay-type":"","overlay-color":"","overlay-opacity":"","overlay-gradient":""},"tablet":{"background-color":"var(--ast-global-color-5)","background-image":"","background-repeat":"repeat","background-position":"center center","background-size":"auto","background-attachment":"scroll","background-type":"","background-media":"","overlay-type":"","overlay-color":"","overlay-opacity":"","overlay-gradient":""},"mobile":{"background-color":"var(--ast-global-color-5)","background-image":"","background-repeat":"repeat","background-position":"center center","background-size":"auto","background-attachment":"scroll","background-type":"","background-media":"","overlay-type":"","overlay-color":"","overlay-opacity":"","overlay-gradient":""}}},"product_brand":[],"product_cat":[23,133,17],"product_tag":[],"class_list":{"0":"post-6537","1":"product","2":"type-product","3":"status-publish","4":"has-post-thumbnail","6":"product_cat-klompe","7":"product_cat-larus","8":"product_cat-zenska-obuca","9":"desktop-align-left","10":"tablet-align-left","11":"mobile-align-center","12":"ast-product-gallery-layout-horizontal-slider","13":"ast-product-single-variable","14":"ast-product-tabs-layout-horizontal","15":"ast-qv-on-image","17":"first","18":"instock","19":"shipping-taxable","20":"purchasable","21":"product-type-variable"},"aioseo_notices":[],"_links":{"self":[{"href":"https:\/\/lauras.hr\/en\/wp-json\/wp\/v2\/product\/6537","targetHints":{"allow":["GET"]}}],"collection":[{"href":"https:\/\/lauras.hr\/en\/wp-json\/wp\/v2\/product"}],"about":[{"href":"https:\/\/lauras.hr\/en\/wp-json\/wp\/v2\/types\/product"}],"replies":[{"embeddable":true,"href":"https:\/\/lauras.hr\/en\/wp-json\/wp\/v2\/comments?post=6537"}],"wp:featuredmedia":[{"embeddable":true,"href":"https:\/\/lauras.hr\/en\/wp-json\/wp\/v2\/media\/6544"}],"wp:attachment":[{"href":"https:\/\/lauras.hr\/en\/wp-json\/wp\/v2\/media?parent=6537"}],"wp:term":[{"taxonomy":"product_brand","embeddable":true,"href":"https:\/\/lauras.hr\/en\/wp-json\/wp\/v2\/product_brand?post=6537"},{"taxonomy":"product_cat","embeddable":true,"href":"https:\/\/lauras.hr\/en\/wp-json\/wp\/v2\/product_cat?post=6537"},{"taxonomy":"product_tag","embeddable":true,"href":"https:\/\/lauras.hr\/en\/wp-json\/wp\/v2\/product_tag?post=6537"}],"curies":[{"name":"wp","href":"https:\/\/api.w.org\/{rel}","templated":true}]}}