{"id":6638,"date":"2025-03-23T10:35:00","date_gmt":"2025-03-23T10:35:00","guid":{"rendered":"https:\/\/lauras.hr\/?post_type=product&#038;p=6638"},"modified":"2026-03-22T19:15:33","modified_gmt":"2026-03-22T19:15:33","slug":"zenit-zenske-kozne-klompe-122-roze","status":"publish","type":"product","link":"https:\/\/lauras.hr\/en\/product\/zenit-zenske-kozne-klompe-122-roze","title":{"rendered":"ZENIT \u017dENSKE KO\u017dNE KLOMPE 122- ROZE"},"content":{"rendered":"<p><strong>Nubuck klompa<\/strong>\u00a0\u2013 na\u0161 najtra\u017eeniji model klompi kao sinonim za neprolazni modni trend.<\/p>\n<p>Anatomska klompa, ra\u0111ena po preporuci ortopeda od prirodne nubuck ko\u017ee, pru\u017eit \u0107e stabilnost i potporu Va\u0161im stopalima.<\/p>\n<p>Anatomski oblikovano gazi\u0161te pru\u017ea podr\u0161ku stopalima, smanjuje pritisak na petni dio stopala i poma\u017ee u odr\u017eavanju pravilnog dr\u017eanja tijekom hodanja.<\/p>\n<p>Dostupne u veli\u010dinama od 37 do 42!<\/p>\n<p><strong>Du\u017eina gazi\u0161ta:<\/strong><\/p>\n<p>36-23cm<br \/>\n37-23,70cm<br \/>\n38-24,5cm<br \/>\n39-25cm<br \/>\n40-25.7cm<br \/>\n41-26,3cm<br \/>\n42-27cm<\/p>\n<p>&nbsp;<\/p>","protected":false},"excerpt":{"rendered":"<p>Anatomska klompa, ra\u0111ena po preporuci ortopeda od prirodne nubuck ko\u017ee, pru\u017eit \u0107e stabilnost i potporu Va\u0161im stopalima.<\/p>\n<p>Anatomski oblikovano gazi\u0161te pru\u017ea podr\u0161ku stopalima, smanjuje pritisak na petni dio stopala i poma\u017ee u odr\u017eavanju pravilnog dr\u017eanja tijekom hodanja.<\/p>","protected":false},"featured_media":6645,"comment_status":"closed","ping_status":"closed","template":"","meta":{"site-sidebar-layout":"default","site-content-layout":"","ast-site-content-layout":"default","site-content-style":"default","site-sidebar-style":"default","ast-global-header-display":"","ast-banner-title-visibility":"","ast-main-header-display":"","ast-hfb-above-header-display":"","ast-hfb-below-header-display":"","ast-hfb-mobile-header-display":"","site-post-title":"","ast-breadcrumbs-content":"","ast-featured-img":"","footer-sml-layout":"","ast-disable-related-posts":"","theme-transparent-header-meta":"default","adv-header-id-meta":"","stick-header-meta":"default","header-above-stick-meta":"","header-main-stick-meta":"","header-below-stick-meta":"","astra-migrate-meta-layouts":"set","ast-page-background-enabled":"default","ast-page-background-meta":{"desktop":{"background-color":"var(--ast-global-color-4)","background-image":"","background-repeat":"repeat","background-position":"center center","background-size":"auto","background-attachment":"scroll","background-type":"","background-media":"","overlay-type":"","overlay-color":"","overlay-opacity":"","overlay-gradient":""},"tablet":{"background-color":"","background-image":"","background-repeat":"repeat","background-position":"center center","background-size":"auto","background-attachment":"scroll","background-type":"","background-media":"","overlay-type":"","overlay-color":"","overlay-opacity":"","overlay-gradient":""},"mobile":{"background-color":"","background-image":"","background-repeat":"repeat","background-position":"center center","background-size":"auto","background-attachment":"scroll","background-type":"","background-media":"","overlay-type":"","overlay-color":"","overlay-opacity":"","overlay-gradient":""}},"ast-content-background-meta":{"desktop":{"background-color":"var(--ast-global-color-5)","background-image":"","background-repeat":"repeat","background-position":"center center","background-size":"auto","background-attachment":"scroll","background-type":"","background-media":"","overlay-type":"","overlay-color":"","overlay-opacity":"","overlay-gradient":""},"tablet":{"background-color":"var(--ast-global-color-5)","background-image":"","background-repeat":"repeat","background-position":"center center","background-size":"auto","background-attachment":"scroll","background-type":"","background-media":"","overlay-type":"","overlay-color":"","overlay-opacity":"","overlay-gradient":""},"mobile":{"background-color":"var(--ast-global-color-5)","background-image":"","background-repeat":"repeat","background-position":"center center","background-size":"auto","background-attachment":"scroll","background-type":"","background-media":"","overlay-type":"","overlay-color":"","overlay-opacity":"","overlay-gradient":""}}},"product_brand":[],"product_cat":[23,132,17],"product_tag":[],"class_list":{"0":"post-6638","1":"product","2":"type-product","3":"status-publish","4":"has-post-thumbnail","6":"product_cat-klompe","7":"product_cat-obuca-vesna","8":"product_cat-zenska-obuca","9":"desktop-align-left","10":"tablet-align-left","11":"mobile-align-center","12":"ast-product-gallery-layout-horizontal-slider","13":"ast-product-single-variable","14":"ast-product-tabs-layout-horizontal","15":"ast-qv-on-image","17":"first","18":"instock","19":"shipping-taxable","20":"purchasable","21":"product-type-variable"},"aioseo_notices":[],"_links":{"self":[{"href":"https:\/\/lauras.hr\/en\/wp-json\/wp\/v2\/product\/6638","targetHints":{"allow":["GET"]}}],"collection":[{"href":"https:\/\/lauras.hr\/en\/wp-json\/wp\/v2\/product"}],"about":[{"href":"https:\/\/lauras.hr\/en\/wp-json\/wp\/v2\/types\/product"}],"replies":[{"embeddable":true,"href":"https:\/\/lauras.hr\/en\/wp-json\/wp\/v2\/comments?post=6638"}],"wp:featuredmedia":[{"embeddable":true,"href":"https:\/\/lauras.hr\/en\/wp-json\/wp\/v2\/media\/6645"}],"wp:attachment":[{"href":"https:\/\/lauras.hr\/en\/wp-json\/wp\/v2\/media?parent=6638"}],"wp:term":[{"taxonomy":"product_brand","embeddable":true,"href":"https:\/\/lauras.hr\/en\/wp-json\/wp\/v2\/product_brand?post=6638"},{"taxonomy":"product_cat","embeddable":true,"href":"https:\/\/lauras.hr\/en\/wp-json\/wp\/v2\/product_cat?post=6638"},{"taxonomy":"product_tag","embeddable":true,"href":"https:\/\/lauras.hr\/en\/wp-json\/wp\/v2\/product_tag?post=6638"}],"curies":[{"name":"wp","href":"https:\/\/api.w.org\/{rel}","templated":true}]}}