{"id":6748,"date":"2025-03-24T15:15:40","date_gmt":"2025-03-24T15:15:40","guid":{"rendered":"https:\/\/lauras.hr\/?post_type=product&#038;p=6748"},"modified":"2026-03-22T19:22:51","modified_gmt":"2026-03-22T19:22:51","slug":"flora-anatomske-japanke-120-zmija","status":"publish","type":"product","link":"https:\/\/lauras.hr\/en\/product\/flora-anatomske-japanke-120-zmija","title":{"rendered":"FLORA ANATOMSKE JAPANKE \u2013 120 &#8211; ZMIJA"},"content":{"rendered":"<p>Anatomske japanke &#8211; savr\u0161eni izbor za tople dane. Izra\u0111ene su od glatke i izdr\u017eljive ko\u017ee, koju ortopedi preporu\u010duju kao idealan materijal za zdrava stopala.<\/p>\n<p>Anatomske japanke su standardnih veli\u010dina tako da preporu\u010dujemo da uzmete broj koji ina\u010de nosite.<br \/>\nDolaze s posebnim neklizaju\u0107im \u0111onovima, \u0161to ih \u010dini sigurnijima za no\u0161enje na vla\u017enim ili klizavim povr\u0161inama.<\/p>\n<p>Dostupne su u veli\u010dinama od 37 do 42.<\/p>\n<p>&nbsp;<\/p>\n<p><strong>Du\u017eina gazi\u0161ta:<\/strong><\/p>\n<p>37- 23,70cm<\/p>\n<p>38 &#8211; 24,50cm<\/p>\n<p>39 &#8211; 25cm<\/p>\n<p>40 &#8211; 25,7cm<\/p>\n<p>41 &#8211; 26,3cm<\/p>\n<p>42 &#8211; 27cm<\/p>\n<p>&nbsp;<\/p>\n<p>&nbsp;<\/p>","protected":false},"excerpt":{"rendered":"<p>Anatomske japanke &#8211; savr\u0161eni izbor za tople dane. Izra\u0111ene su od glatke i izdr\u017eljive ko\u017ee, koju ortopedi preporu\u010duju kao idealan materijal za zdrava stopala.<\/p>\n<p>Anatomske japanke su standardnih veli\u010dina tako da preporu\u010dujemo da uzmete broj koji ina\u010de nosite.<br \/>\nDolaze s posebnim neklizaju\u0107im \u0111onovima, \u0161to ih \u010dini sigurnijima za no\u0161enje na vla\u017enim ili klizavim povr\u0161inama.<\/p>","protected":false},"featured_media":6757,"comment_status":"closed","ping_status":"closed","template":"","meta":{"site-sidebar-layout":"default","site-content-layout":"","ast-site-content-layout":"default","site-content-style":"default","site-sidebar-style":"default","ast-global-header-display":"","ast-banner-title-visibility":"","ast-main-header-display":"","ast-hfb-above-header-display":"","ast-hfb-below-header-display":"","ast-hfb-mobile-header-display":"","site-post-title":"","ast-breadcrumbs-content":"","ast-featured-img":"","footer-sml-layout":"","ast-disable-related-posts":"","theme-transparent-header-meta":"default","adv-header-id-meta":"","stick-header-meta":"default","header-above-stick-meta":"","header-main-stick-meta":"","header-below-stick-meta":"","astra-migrate-meta-layouts":"set","ast-page-background-enabled":"default","ast-page-background-meta":{"desktop":{"background-color":"var(--ast-global-color-4)","background-image":"","background-repeat":"repeat","background-position":"center center","background-size":"auto","background-attachment":"scroll","background-type":"","background-media":"","overlay-type":"","overlay-color":"","overlay-opacity":"","overlay-gradient":""},"tablet":{"background-color":"","background-image":"","background-repeat":"repeat","background-position":"center center","background-size":"auto","background-attachment":"scroll","background-type":"","background-media":"","overlay-type":"","overlay-color":"","overlay-opacity":"","overlay-gradient":""},"mobile":{"background-color":"","background-image":"","background-repeat":"repeat","background-position":"center center","background-size":"auto","background-attachment":"scroll","background-type":"","background-media":"","overlay-type":"","overlay-color":"","overlay-opacity":"","overlay-gradient":""}},"ast-content-background-meta":{"desktop":{"background-color":"var(--ast-global-color-5)","background-image":"","background-repeat":"repeat","background-position":"center center","background-size":"auto","background-attachment":"scroll","background-type":"","background-media":"","overlay-type":"","overlay-color":"","overlay-opacity":"","overlay-gradient":""},"tablet":{"background-color":"var(--ast-global-color-5)","background-image":"","background-repeat":"repeat","background-position":"center center","background-size":"auto","background-attachment":"scroll","background-type":"","background-media":"","overlay-type":"","overlay-color":"","overlay-opacity":"","overlay-gradient":""},"mobile":{"background-color":"var(--ast-global-color-5)","background-image":"","background-repeat":"repeat","background-position":"center center","background-size":"auto","background-attachment":"scroll","background-type":"","background-media":"","overlay-type":"","overlay-color":"","overlay-opacity":"","overlay-gradient":""}}},"product_brand":[],"product_cat":[208,132,17],"product_tag":[],"class_list":{"0":"post-6748","1":"product","2":"type-product","3":"status-publish","4":"has-post-thumbnail","6":"product_cat-ljetna-obuca","7":"product_cat-obuca-vesna","8":"product_cat-zenska-obuca","9":"desktop-align-left","10":"tablet-align-left","11":"mobile-align-center","12":"ast-product-gallery-layout-horizontal-slider","13":"ast-product-single-variable","14":"ast-product-tabs-layout-horizontal","15":"ast-qv-on-image","17":"first","18":"instock","19":"shipping-taxable","20":"purchasable","21":"product-type-variable"},"aioseo_notices":[],"_links":{"self":[{"href":"https:\/\/lauras.hr\/en\/wp-json\/wp\/v2\/product\/6748","targetHints":{"allow":["GET"]}}],"collection":[{"href":"https:\/\/lauras.hr\/en\/wp-json\/wp\/v2\/product"}],"about":[{"href":"https:\/\/lauras.hr\/en\/wp-json\/wp\/v2\/types\/product"}],"replies":[{"embeddable":true,"href":"https:\/\/lauras.hr\/en\/wp-json\/wp\/v2\/comments?post=6748"}],"wp:featuredmedia":[{"embeddable":true,"href":"https:\/\/lauras.hr\/en\/wp-json\/wp\/v2\/media\/6757"}],"wp:attachment":[{"href":"https:\/\/lauras.hr\/en\/wp-json\/wp\/v2\/media?parent=6748"}],"wp:term":[{"taxonomy":"product_brand","embeddable":true,"href":"https:\/\/lauras.hr\/en\/wp-json\/wp\/v2\/product_brand?post=6748"},{"taxonomy":"product_cat","embeddable":true,"href":"https:\/\/lauras.hr\/en\/wp-json\/wp\/v2\/product_cat?post=6748"},{"taxonomy":"product_tag","embeddable":true,"href":"https:\/\/lauras.hr\/en\/wp-json\/wp\/v2\/product_tag?post=6748"}],"curies":[{"name":"wp","href":"https:\/\/api.w.org\/{rel}","templated":true}]}}