{"id":6851,"date":"2025-03-24T21:59:09","date_gmt":"2025-03-24T21:59:09","guid":{"rendered":"https:\/\/lauras.hr\/?post_type=product&#038;p=6851"},"modified":"2026-02-13T11:13:20","modified_gmt":"2026-02-13T11:13:20","slug":"djecje-anatomske-sandale-141-modre","status":"publish","type":"product","link":"https:\/\/lauras.hr\/en\/product\/djecje-anatomske-sandale-141-modre","title":{"rendered":"DJE\u010cJE ANATOMSKE SANDALE 141 &#8211; MODRE"},"content":{"rendered":"<p>Iako stalno insistiramo na udobnosti i funkcionalnosti dje\u010djih proizvoda, ne smijemo zapostaviti moderan dizajn dje\u010djih modela. Sjajni materijali namijenjeni za izradu dje\u010dje obu\u0107e obradovat \u0107e mali\u0161ane. Spoj kvalitetnih i modernih materijala sa anatomskim oblikovanim \u0111onom bit \u0107e idealan izbor za Va\u0161e dijete.<\/p>\n<p>Uz raspon dostupnih veli\u010dina od 20 do 32, pronala\u017eenje savr\u0161ene veli\u010dine za Va\u0161e dijete biti \u0107e lako.<\/p>\n<p>Du\u017eine gazi\u0161ta:<br \/>\n20-12,5cm<br \/>\n21-13cm<br \/>\n22-14cm<br \/>\n23-14,5cm<br \/>\n24-15cm<br \/>\n25-15,5cm<br \/>\n26-16,5cm<br \/>\n27-17cm<br \/>\n28-17,5cm<br \/>\n29-18,5cm<br \/>\n30-19cm<br \/>\n31-19,5cm<br \/>\n32-20,5cm<\/p>\n<div>\n<div><\/div>\n<\/div>","protected":false},"excerpt":{"rendered":"<p>Sjajni materijali namijenjeni za izradu dje\u010dje obu\u0107e obradovat \u0107e mali\u0161ane. Spoj kvalitetnih i modernih materijala sa anatomskim oblikovanim \u0111onom bit \u0107e idealan izbor za Va\u0161e dijete.<\/p>\n<p>Uz raspon dostupnih veli\u010dina od 20 do 32, pronala\u017eenje savr\u0161ene veli\u010dine za Va\u0161e dijete biti \u0107e lako.<\/p>","protected":false},"featured_media":6866,"comment_status":"closed","ping_status":"closed","template":"","meta":{"site-sidebar-layout":"default","site-content-layout":"","ast-site-content-layout":"default","site-content-style":"default","site-sidebar-style":"default","ast-global-header-display":"","ast-banner-title-visibility":"","ast-main-header-display":"","ast-hfb-above-header-display":"","ast-hfb-below-header-display":"","ast-hfb-mobile-header-display":"","site-post-title":"","ast-breadcrumbs-content":"","ast-featured-img":"","footer-sml-layout":"","ast-disable-related-posts":"","theme-transparent-header-meta":"default","adv-header-id-meta":"","stick-header-meta":"default","header-above-stick-meta":"","header-main-stick-meta":"","header-below-stick-meta":"","astra-migrate-meta-layouts":"set","ast-page-background-enabled":"default","ast-page-background-meta":{"desktop":{"background-color":"var(--ast-global-color-4)","background-image":"","background-repeat":"repeat","background-position":"center center","background-size":"auto","background-attachment":"scroll","background-type":"","background-media":"","overlay-type":"","overlay-color":"","overlay-opacity":"","overlay-gradient":""},"tablet":{"background-color":"","background-image":"","background-repeat":"repeat","background-position":"center center","background-size":"auto","background-attachment":"scroll","background-type":"","background-media":"","overlay-type":"","overlay-color":"","overlay-opacity":"","overlay-gradient":""},"mobile":{"background-color":"","background-image":"","background-repeat":"repeat","background-position":"center center","background-size":"auto","background-attachment":"scroll","background-type":"","background-media":"","overlay-type":"","overlay-color":"","overlay-opacity":"","overlay-gradient":""}},"ast-content-background-meta":{"desktop":{"background-color":"var(--ast-global-color-5)","background-image":"","background-repeat":"repeat","background-position":"center center","background-size":"auto","background-attachment":"scroll","background-type":"","background-media":"","overlay-type":"","overlay-color":"","overlay-opacity":"","overlay-gradient":""},"tablet":{"background-color":"var(--ast-global-color-5)","background-image":"","background-repeat":"repeat","background-position":"center center","background-size":"auto","background-attachment":"scroll","background-type":"","background-media":"","overlay-type":"","overlay-color":"","overlay-opacity":"","overlay-gradient":""},"mobile":{"background-color":"var(--ast-global-color-5)","background-image":"","background-repeat":"repeat","background-position":"center center","background-size":"auto","background-attachment":"scroll","background-type":"","background-media":"","overlay-type":"","overlay-color":"","overlay-opacity":"","overlay-gradient":""}}},"product_brand":[],"product_cat":[19,210,132],"product_tag":[],"class_list":{"0":"post-6851","1":"product","2":"type-product","3":"status-publish","4":"has-post-thumbnail","6":"product_cat-djecja-obuca","7":"product_cat-ljetna-obuca-djecja-obuca","8":"product_cat-obuca-vesna","9":"desktop-align-left","10":"tablet-align-left","11":"mobile-align-center","12":"ast-product-gallery-layout-horizontal-slider","13":"ast-product-single-variable","14":"ast-product-tabs-layout-horizontal","15":"ast-qv-on-image","17":"first","18":"instock","19":"shipping-taxable","20":"purchasable","21":"product-type-variable"},"aioseo_notices":[],"_links":{"self":[{"href":"https:\/\/lauras.hr\/en\/wp-json\/wp\/v2\/product\/6851","targetHints":{"allow":["GET"]}}],"collection":[{"href":"https:\/\/lauras.hr\/en\/wp-json\/wp\/v2\/product"}],"about":[{"href":"https:\/\/lauras.hr\/en\/wp-json\/wp\/v2\/types\/product"}],"replies":[{"embeddable":true,"href":"https:\/\/lauras.hr\/en\/wp-json\/wp\/v2\/comments?post=6851"}],"wp:featuredmedia":[{"embeddable":true,"href":"https:\/\/lauras.hr\/en\/wp-json\/wp\/v2\/media\/6866"}],"wp:attachment":[{"href":"https:\/\/lauras.hr\/en\/wp-json\/wp\/v2\/media?parent=6851"}],"wp:term":[{"taxonomy":"product_brand","embeddable":true,"href":"https:\/\/lauras.hr\/en\/wp-json\/wp\/v2\/product_brand?post=6851"},{"taxonomy":"product_cat","embeddable":true,"href":"https:\/\/lauras.hr\/en\/wp-json\/wp\/v2\/product_cat?post=6851"},{"taxonomy":"product_tag","embeddable":true,"href":"https:\/\/lauras.hr\/en\/wp-json\/wp\/v2\/product_tag?post=6851"}],"curies":[{"name":"wp","href":"https:\/\/api.w.org\/{rel}","templated":true}]}}