{"id":7061,"date":"2025-04-09T20:23:38","date_gmt":"2025-04-09T20:23:38","guid":{"rendered":"https:\/\/lauras.hr\/?post_type=product&#038;p=7061"},"modified":"2026-03-20T11:06:21","modified_gmt":"2026-03-20T11:06:21","slug":"luna-anatomske-natikace-116-modri-piton","status":"publish","type":"product","link":"https:\/\/lauras.hr\/en\/product\/luna-anatomske-natikace-116-modri-piton","title":{"rendered":"LUNA ANATOMSKE NATIKA\u010cE \u2013 116 &#8211; MODRI PITON"},"content":{"rendered":"<p>Luna anatomske natika\u010de izra\u0111ene od prirodne ko\u017ee po preporuci ortopeda, pru\u017eaju izvanrednu udobnost zahvaljuju\u0107i mekanom ulo\u0161ku postavljenom ispod tabanice.<br \/>\nOve anatomske natika\u010de imaju dvije prilagodljive \u010di\u010dak trake, \u0161to ih \u010dini idealnim izborom za osobe s \u0161irim ili u\u017eim stopalima.<br \/>\nTrake jednostavno podesite po \u0161irini Va\u0161eg stopala<br \/>\nKvalitetan i nehabaju\u0107i PU \u0111on pru\u017ea pouzdanu za\u0161titu od klizanja i proklizavanja.<\/p>\n<p>Dizajn modri piton \u010dini ih svestranim komadom obu\u0107e koji se lako uklapa u razli\u010dite stilove i odjevne kombinacije.<\/p>\n<p>Ove natika\u010de zmijskog uzorka savr\u0161eno kombiniraju sofisticiranost i udobnost te su idealne za dnevne i ve\u010dernje izlaske.<\/p>\n<p>Dostupne su u veli\u010dinama od 37 do 42.<\/p>\n<p>&nbsp;<\/p>\n<p><strong>Du\u017eina gazi\u0161ta:<\/strong><\/p>\n<p>37- 23,70cm<\/p>\n<p>38 &#8211; 24,50cm<\/p>\n<p>39 &#8211; 25cm<\/p>\n<p>40 &#8211; 25,7cm<\/p>\n<p>41 &#8211; 26,3cm<\/p>\n<p>42 &#8211; 27cm<\/p>","protected":false},"excerpt":{"rendered":"<p>Luna anatomske natika\u010de izra\u0111ene od prirodne ko\u017ee po preporuci ortopeda, pru\u017eaju izvanrednu udobnost zahvaljuju\u0107i mekanom ulo\u0161ku postavljenom ispod tabanice.<br \/>\nOve anatomske natika\u010de imaju dvije prilagodljive \u010di\u010dak trake, \u0161to ih \u010dini idealnim izborom za osobe s \u0161irim ili u\u017eim stopalima.<\/p>\n<p>Dizajn modri piton \u010dini ih svestranim komadom obu\u0107e koji se lako uklapa u razli\u010dite stilove i odjevne kombinacije.<\/p>","protected":false},"featured_media":7068,"comment_status":"closed","ping_status":"closed","template":"","meta":{"site-sidebar-layout":"default","site-content-layout":"","ast-site-content-layout":"default","site-content-style":"default","site-sidebar-style":"default","ast-global-header-display":"","ast-banner-title-visibility":"","ast-main-header-display":"","ast-hfb-above-header-display":"","ast-hfb-below-header-display":"","ast-hfb-mobile-header-display":"","site-post-title":"","ast-breadcrumbs-content":"","ast-featured-img":"","footer-sml-layout":"","ast-disable-related-posts":"","theme-transparent-header-meta":"default","adv-header-id-meta":"","stick-header-meta":"default","header-above-stick-meta":"","header-main-stick-meta":"","header-below-stick-meta":"","astra-migrate-meta-layouts":"set","ast-page-background-enabled":"default","ast-page-background-meta":{"desktop":{"background-color":"var(--ast-global-color-4)","background-image":"","background-repeat":"repeat","background-position":"center center","background-size":"auto","background-attachment":"scroll","background-type":"","background-media":"","overlay-type":"","overlay-color":"","overlay-opacity":"","overlay-gradient":""},"tablet":{"background-color":"","background-image":"","background-repeat":"repeat","background-position":"center center","background-size":"auto","background-attachment":"scroll","background-type":"","background-media":"","overlay-type":"","overlay-color":"","overlay-opacity":"","overlay-gradient":""},"mobile":{"background-color":"","background-image":"","background-repeat":"repeat","background-position":"center center","background-size":"auto","background-attachment":"scroll","background-type":"","background-media":"","overlay-type":"","overlay-color":"","overlay-opacity":"","overlay-gradient":""}},"ast-content-background-meta":{"desktop":{"background-color":"var(--ast-global-color-5)","background-image":"","background-repeat":"repeat","background-position":"center center","background-size":"auto","background-attachment":"scroll","background-type":"","background-media":"","overlay-type":"","overlay-color":"","overlay-opacity":"","overlay-gradient":""},"tablet":{"background-color":"var(--ast-global-color-5)","background-image":"","background-repeat":"repeat","background-position":"center center","background-size":"auto","background-attachment":"scroll","background-type":"","background-media":"","overlay-type":"","overlay-color":"","overlay-opacity":"","overlay-gradient":""},"mobile":{"background-color":"var(--ast-global-color-5)","background-image":"","background-repeat":"repeat","background-position":"center center","background-size":"auto","background-attachment":"scroll","background-type":"","background-media":"","overlay-type":"","overlay-color":"","overlay-opacity":"","overlay-gradient":""}}},"product_brand":[],"product_cat":[208,132,17],"product_tag":[],"class_list":{"0":"post-7061","1":"product","2":"type-product","3":"status-publish","4":"has-post-thumbnail","6":"product_cat-ljetna-obuca","7":"product_cat-obuca-vesna","8":"product_cat-zenska-obuca","9":"desktop-align-left","10":"tablet-align-left","11":"mobile-align-center","12":"ast-product-gallery-layout-horizontal-slider","13":"ast-product-single-variable","14":"ast-product-tabs-layout-horizontal","15":"ast-qv-on-image","17":"first","18":"instock","19":"shipping-taxable","20":"purchasable","21":"product-type-variable"},"aioseo_notices":[],"_links":{"self":[{"href":"https:\/\/lauras.hr\/en\/wp-json\/wp\/v2\/product\/7061","targetHints":{"allow":["GET"]}}],"collection":[{"href":"https:\/\/lauras.hr\/en\/wp-json\/wp\/v2\/product"}],"about":[{"href":"https:\/\/lauras.hr\/en\/wp-json\/wp\/v2\/types\/product"}],"replies":[{"embeddable":true,"href":"https:\/\/lauras.hr\/en\/wp-json\/wp\/v2\/comments?post=7061"}],"wp:featuredmedia":[{"embeddable":true,"href":"https:\/\/lauras.hr\/en\/wp-json\/wp\/v2\/media\/7068"}],"wp:attachment":[{"href":"https:\/\/lauras.hr\/en\/wp-json\/wp\/v2\/media?parent=7061"}],"wp:term":[{"taxonomy":"product_brand","embeddable":true,"href":"https:\/\/lauras.hr\/en\/wp-json\/wp\/v2\/product_brand?post=7061"},{"taxonomy":"product_cat","embeddable":true,"href":"https:\/\/lauras.hr\/en\/wp-json\/wp\/v2\/product_cat?post=7061"},{"taxonomy":"product_tag","embeddable":true,"href":"https:\/\/lauras.hr\/en\/wp-json\/wp\/v2\/product_tag?post=7061"}],"curies":[{"name":"wp","href":"https:\/\/api.w.org\/{rel}","templated":true}]}}