{"id":9156,"date":"2025-10-20T11:17:09","date_gmt":"2025-10-20T11:17:09","guid":{"rendered":"https:\/\/lauras.hr\/?post_type=product&#038;p=9156"},"modified":"2026-02-08T12:01:48","modified_gmt":"2026-02-08T12:01:48","slug":"kucne-papuce-9100-zelene","status":"publish","type":"product","link":"https:\/\/lauras.hr\/en\/product\/kucne-papuce-9100-zelene","title":{"rendered":"KU\u0106NE PAPU\u010cE 9100 &#8211; ZELENE"},"content":{"rendered":"<p><span data-sheets-root=\"1\">Mekane, tople i nevjerojatno \u0161armantne, ove papu\u010de \u0107e va\u0161im stopalima pru\u017eiti savr\u0161en osje\u0107aj nje\u017enosti i opu\u0161tanja.<\/span><\/p>\n<p>Izra\u0111ene od kvalitetnih materijala, papu\u010de pru\u017eaju udobnost, dok zelena boja dodaje da\u0161ak slatkog, bezvremenskog \u0161arma. Bilo da se opu\u0161tate uz omiljeni film ili se pripremate za ve\u010dernje opu\u0161tanje, ove papu\u010de \u0107e vas pratiti s lako\u0107om i stilom.<\/p>\n<p>Savr\u0161en poklon ili jednostavno kao izbor za Va\u0161u svakodnevnu udobnost.<br \/>\nProizvedeno u Hrvatskoj.<\/p>","protected":false},"excerpt":{"rendered":"<p><span data-sheets-root=\"1\">Za sve koje \u017eele spojiti udobnost s kvalitetom, na\u0161e zelene ku\u0107ne papu\u010de su savr\u0161en izbor! Mekane, tople i nevjerojatno \u0161armantne.<\/span><\/p>","protected":false},"featured_media":9163,"comment_status":"closed","ping_status":"closed","template":"","meta":{"site-sidebar-layout":"default","site-content-layout":"","ast-site-content-layout":"default","site-content-style":"default","site-sidebar-style":"default","ast-global-header-display":"","ast-banner-title-visibility":"","ast-main-header-display":"","ast-hfb-above-header-display":"","ast-hfb-below-header-display":"","ast-hfb-mobile-header-display":"","site-post-title":"","ast-breadcrumbs-content":"","ast-featured-img":"","footer-sml-layout":"","ast-disable-related-posts":"","theme-transparent-header-meta":"default","adv-header-id-meta":"","stick-header-meta":"default","header-above-stick-meta":"","header-main-stick-meta":"","header-below-stick-meta":"","astra-migrate-meta-layouts":"set","ast-page-background-enabled":"default","ast-page-background-meta":{"desktop":{"background-color":"var(--ast-global-color-4)","background-image":"","background-repeat":"repeat","background-position":"center center","background-size":"auto","background-attachment":"scroll","background-type":"","background-media":"","overlay-type":"","overlay-color":"","overlay-opacity":"","overlay-gradient":""},"tablet":{"background-color":"","background-image":"","background-repeat":"repeat","background-position":"center center","background-size":"auto","background-attachment":"scroll","background-type":"","background-media":"","overlay-type":"","overlay-color":"","overlay-opacity":"","overlay-gradient":""},"mobile":{"background-color":"","background-image":"","background-repeat":"repeat","background-position":"center center","background-size":"auto","background-attachment":"scroll","background-type":"","background-media":"","overlay-type":"","overlay-color":"","overlay-opacity":"","overlay-gradient":""}},"ast-content-background-meta":{"desktop":{"background-color":"var(--ast-global-color-5)","background-image":"","background-repeat":"repeat","background-position":"center center","background-size":"auto","background-attachment":"scroll","background-type":"","background-media":"","overlay-type":"","overlay-color":"","overlay-opacity":"","overlay-gradient":""},"tablet":{"background-color":"var(--ast-global-color-5)","background-image":"","background-repeat":"repeat","background-position":"center center","background-size":"auto","background-attachment":"scroll","background-type":"","background-media":"","overlay-type":"","overlay-color":"","overlay-opacity":"","overlay-gradient":""},"mobile":{"background-color":"var(--ast-global-color-5)","background-image":"","background-repeat":"repeat","background-position":"center center","background-size":"auto","background-attachment":"scroll","background-type":"","background-media":"","overlay-type":"","overlay-color":"","overlay-opacity":"","overlay-gradient":""}}},"product_brand":[],"product_cat":[19,21,69,133,17],"product_tag":[],"class_list":{"0":"post-9156","1":"product","2":"type-product","3":"status-publish","4":"has-post-thumbnail","6":"product_cat-djecja-obuca","7":"product_cat-zenske-kucne-papuce","8":"product_cat-djecje-kucne-papuce","9":"product_cat-larus","10":"product_cat-zenska-obuca","11":"desktop-align-left","12":"tablet-align-left","13":"mobile-align-center","14":"ast-product-gallery-layout-horizontal-slider","15":"ast-product-single-variable","16":"ast-product-tabs-layout-horizontal","17":"ast-qv-on-image","19":"first","20":"instock","21":"shipping-taxable","22":"purchasable","23":"product-type-variable"},"aioseo_notices":[],"_links":{"self":[{"href":"https:\/\/lauras.hr\/en\/wp-json\/wp\/v2\/product\/9156","targetHints":{"allow":["GET"]}}],"collection":[{"href":"https:\/\/lauras.hr\/en\/wp-json\/wp\/v2\/product"}],"about":[{"href":"https:\/\/lauras.hr\/en\/wp-json\/wp\/v2\/types\/product"}],"replies":[{"embeddable":true,"href":"https:\/\/lauras.hr\/en\/wp-json\/wp\/v2\/comments?post=9156"}],"wp:featuredmedia":[{"embeddable":true,"href":"https:\/\/lauras.hr\/en\/wp-json\/wp\/v2\/media\/9163"}],"wp:attachment":[{"href":"https:\/\/lauras.hr\/en\/wp-json\/wp\/v2\/media?parent=9156"}],"wp:term":[{"taxonomy":"product_brand","embeddable":true,"href":"https:\/\/lauras.hr\/en\/wp-json\/wp\/v2\/product_brand?post=9156"},{"taxonomy":"product_cat","embeddable":true,"href":"https:\/\/lauras.hr\/en\/wp-json\/wp\/v2\/product_cat?post=9156"},{"taxonomy":"product_tag","embeddable":true,"href":"https:\/\/lauras.hr\/en\/wp-json\/wp\/v2\/product_tag?post=9156"}],"curies":[{"name":"wp","href":"https:\/\/api.w.org\/{rel}","templated":true}]}}