{"id":9280,"date":"2025-10-27T14:00:50","date_gmt":"2025-10-27T14:00:50","guid":{"rendered":"https:\/\/lauras.hr\/?post_type=product&#038;p=9280"},"modified":"2025-11-18T12:49:12","modified_gmt":"2025-11-18T12:49:12","slug":"certificirana-radna-obuca-491-crna","status":"publish","type":"product","link":"https:\/\/lauras.hr\/en\/product\/certificirana-radna-obuca-491-crna","title":{"rendered":"CERTIFICIRANA RADNA OBU\u0106A 491- CRNA"},"content":{"rendered":"<p>Klompe su izra\u0111ene od prirodne ko\u017ee \u2013 i gornji\u0161te i tabanica, \u0161to omogu\u0107uje dugotrajnost, udobnost i ugodan osje\u0107aj prilikom no\u0161enja. \u0110on je napravljen od PU materijala sa <strong data-start=\"218\" data-end=\"235\">antikliza\u010dima<\/strong>, \u0161to daje sigurnost i stabilnost pri hodu.<\/p>\n<p><em>Model posjeduje certifikat <strong data-start=\"305\" data-end=\"318\">ISO 20347.<\/strong><\/em><\/p>\n<p>Ovaj model posjeduje <strong data-start=\"186\" data-end=\"203\">CE certifikat<\/strong>, \u0161to potvr\u0111uje da je izra\u0111en po europskim standardima kvalitete i sigurnosti, uz pa\u017eljivo odabrane materijale koji osiguravaju dugotrajnost i udobnost pri no\u0161enju.<\/p>\n<p>Dostupne u veli\u010dinama od 37 do 42!<\/p>\n<p><strong>Du\u017eina gazi\u0161ta:<\/strong><\/p>\n<p>37-23,70cm<br \/>\n38-24,5cm<br \/>\n39-25cm<br \/>\n40-25,5cm<br \/>\n41-26,3cm<br \/>\n42-26,9cm<\/p>\n<p>&nbsp;<\/p>","protected":false},"excerpt":{"rendered":"<p><em>Model posjeduje certifikat <strong data-start=\"305\" data-end=\"318\">ISO 20347.<\/strong><\/em><\/p>\n<p>Ovaj model posjeduje <strong data-start=\"186\" data-end=\"203\">CE certifikat<\/strong>, \u0161to potvr\u0111uje da je izra\u0111en po europskim standardima kvalitete i sigurnosti, uz pa\u017eljivo odabrane materijale koji osiguravaju dugotrajnost i udobnost pri no\u0161enju.<\/p>","protected":false},"featured_media":9289,"comment_status":"closed","ping_status":"closed","template":"","meta":{"site-sidebar-layout":"default","site-content-layout":"","ast-site-content-layout":"default","site-content-style":"default","site-sidebar-style":"default","ast-global-header-display":"","ast-banner-title-visibility":"","ast-main-header-display":"","ast-hfb-above-header-display":"","ast-hfb-below-header-display":"","ast-hfb-mobile-header-display":"","site-post-title":"","ast-breadcrumbs-content":"","ast-featured-img":"","footer-sml-layout":"","ast-disable-related-posts":"","theme-transparent-header-meta":"default","adv-header-id-meta":"","stick-header-meta":"default","header-above-stick-meta":"","header-main-stick-meta":"","header-below-stick-meta":"","astra-migrate-meta-layouts":"set","ast-page-background-enabled":"default","ast-page-background-meta":{"desktop":{"background-color":"var(--ast-global-color-4)","background-image":"","background-repeat":"repeat","background-position":"center center","background-size":"auto","background-attachment":"scroll","background-type":"","background-media":"","overlay-type":"","overlay-color":"","overlay-opacity":"","overlay-gradient":""},"tablet":{"background-color":"","background-image":"","background-repeat":"repeat","background-position":"center center","background-size":"auto","background-attachment":"scroll","background-type":"","background-media":"","overlay-type":"","overlay-color":"","overlay-opacity":"","overlay-gradient":""},"mobile":{"background-color":"","background-image":"","background-repeat":"repeat","background-position":"center center","background-size":"auto","background-attachment":"scroll","background-type":"","background-media":"","overlay-type":"","overlay-color":"","overlay-opacity":"","overlay-gradient":""}},"ast-content-background-meta":{"desktop":{"background-color":"var(--ast-global-color-5)","background-image":"","background-repeat":"repeat","background-position":"center center","background-size":"auto","background-attachment":"scroll","background-type":"","background-media":"","overlay-type":"","overlay-color":"","overlay-opacity":"","overlay-gradient":""},"tablet":{"background-color":"var(--ast-global-color-5)","background-image":"","background-repeat":"repeat","background-position":"center center","background-size":"auto","background-attachment":"scroll","background-type":"","background-media":"","overlay-type":"","overlay-color":"","overlay-opacity":"","overlay-gradient":""},"mobile":{"background-color":"var(--ast-global-color-5)","background-image":"","background-repeat":"repeat","background-position":"center center","background-size":"auto","background-attachment":"scroll","background-type":"","background-media":"","overlay-type":"","overlay-color":"","overlay-opacity":"","overlay-gradient":""}}},"product_brand":[],"product_cat":[23,132,17],"product_tag":[],"class_list":{"0":"post-9280","1":"product","2":"type-product","3":"status-publish","4":"has-post-thumbnail","6":"product_cat-klompe","7":"product_cat-obuca-vesna","8":"product_cat-zenska-obuca","9":"desktop-align-left","10":"tablet-align-left","11":"mobile-align-center","12":"ast-product-gallery-layout-horizontal-slider","13":"ast-product-single-variable","14":"ast-product-tabs-layout-horizontal","15":"ast-qv-on-image","17":"first","18":"instock","19":"shipping-taxable","20":"purchasable","21":"product-type-variable"},"aioseo_notices":[],"_links":{"self":[{"href":"https:\/\/lauras.hr\/en\/wp-json\/wp\/v2\/product\/9280","targetHints":{"allow":["GET"]}}],"collection":[{"href":"https:\/\/lauras.hr\/en\/wp-json\/wp\/v2\/product"}],"about":[{"href":"https:\/\/lauras.hr\/en\/wp-json\/wp\/v2\/types\/product"}],"replies":[{"embeddable":true,"href":"https:\/\/lauras.hr\/en\/wp-json\/wp\/v2\/comments?post=9280"}],"wp:featuredmedia":[{"embeddable":true,"href":"https:\/\/lauras.hr\/en\/wp-json\/wp\/v2\/media\/9289"}],"wp:attachment":[{"href":"https:\/\/lauras.hr\/en\/wp-json\/wp\/v2\/media?parent=9280"}],"wp:term":[{"taxonomy":"product_brand","embeddable":true,"href":"https:\/\/lauras.hr\/en\/wp-json\/wp\/v2\/product_brand?post=9280"},{"taxonomy":"product_cat","embeddable":true,"href":"https:\/\/lauras.hr\/en\/wp-json\/wp\/v2\/product_cat?post=9280"},{"taxonomy":"product_tag","embeddable":true,"href":"https:\/\/lauras.hr\/en\/wp-json\/wp\/v2\/product_tag?post=9280"}],"curies":[{"name":"wp","href":"https:\/\/api.w.org\/{rel}","templated":true}]}}