{"id":9376,"date":"2025-11-06T20:19:14","date_gmt":"2025-11-06T20:19:14","guid":{"rendered":"https:\/\/lauras.hr\/?post_type=product&#038;p=9376"},"modified":"2026-01-27T12:54:19","modified_gmt":"2026-01-27T12:54:19","slug":"zenske-kucne-papuce-05334-modre","status":"publish","type":"product","link":"https:\/\/lauras.hr\/en\/product\/zenske-kucne-papuce-05334-modre","title":{"rendered":"\u017dENSKE KU\u0106NE PAPU\u010cE 05334 &#8211; MODRE"},"content":{"rendered":"<p data-start=\"188\" data-end=\"452\">Na\u0161e ku\u0107ne papu\u010de izra\u0111ene su s ljubavlju u Hrvatskoj, od pa\u017eljivo odabranih materijala koji osiguravaju udobnost, kvalitetu i dugotrajnost. Dizajnirane s posebnom pa\u017enjom pa odgovaraju i osobama koje imaju \u0161iri gle\u017eanj, pru\u017eaju dovoljno prostora, meko\u0107u i potporu bez neugodnog pritiska.<\/p>\n<p data-start=\"454\" data-end=\"777\">Svaki par ru\u010dno prolazi kroz proces izrade u malim serijama, \u010dime garantiramo vrhunsku izradu i pa\u017enju prema detaljima. Dugotrajni materijali \u010dine ih idealnim izborom bilo da odmarate kod ku\u0107e, radite od ku\u0107e ili jednostavno tra\u017eite udobnost nakon napornog dana.<\/p>\n<p>Du\u017eine gazi\u0161ta:<br \/>\n37-24cm<br \/>\n38-25cm<br \/>\n39-25,8cm<br \/>\n40-26,5cm<br \/>\n41-27cm<br \/>\n42-27,5cm<\/p>","protected":false},"excerpt":{"rendered":"<p>Na\u0161e ku\u0107ne papu\u010de izra\u0111ene su s ljubavlju u Hrvatskoj, od pa\u017eljivo odabranih materijala koji osiguravaju udobnost, kvalitetu i dugotrajnost. Dizajnirane s posebnom pa\u017enjom pa odgovaraju i osobama koje imaju \u0161iri gle\u017eanj, pru\u017eaju dovoljno prostora, meko\u0107u i potporu bez neugodnog pritiska.<\/p>","protected":false},"featured_media":9999,"comment_status":"closed","ping_status":"closed","template":"","meta":{"site-sidebar-layout":"default","site-content-layout":"","ast-site-content-layout":"default","site-content-style":"default","site-sidebar-style":"default","ast-global-header-display":"","ast-banner-title-visibility":"","ast-main-header-display":"","ast-hfb-above-header-display":"","ast-hfb-below-header-display":"","ast-hfb-mobile-header-display":"","site-post-title":"","ast-breadcrumbs-content":"","ast-featured-img":"","footer-sml-layout":"","ast-disable-related-posts":"","theme-transparent-header-meta":"default","adv-header-id-meta":"","stick-header-meta":"default","header-above-stick-meta":"","header-main-stick-meta":"","header-below-stick-meta":"","astra-migrate-meta-layouts":"set","ast-page-background-enabled":"default","ast-page-background-meta":{"desktop":{"background-color":"var(--ast-global-color-4)","background-image":"","background-repeat":"repeat","background-position":"center center","background-size":"auto","background-attachment":"scroll","background-type":"","background-media":"","overlay-type":"","overlay-color":"","overlay-opacity":"","overlay-gradient":""},"tablet":{"background-color":"","background-image":"","background-repeat":"repeat","background-position":"center center","background-size":"auto","background-attachment":"scroll","background-type":"","background-media":"","overlay-type":"","overlay-color":"","overlay-opacity":"","overlay-gradient":""},"mobile":{"background-color":"","background-image":"","background-repeat":"repeat","background-position":"center center","background-size":"auto","background-attachment":"scroll","background-type":"","background-media":"","overlay-type":"","overlay-color":"","overlay-opacity":"","overlay-gradient":""}},"ast-content-background-meta":{"desktop":{"background-color":"var(--ast-global-color-5)","background-image":"","background-repeat":"repeat","background-position":"center center","background-size":"auto","background-attachment":"scroll","background-type":"","background-media":"","overlay-type":"","overlay-color":"","overlay-opacity":"","overlay-gradient":""},"tablet":{"background-color":"var(--ast-global-color-5)","background-image":"","background-repeat":"repeat","background-position":"center center","background-size":"auto","background-attachment":"scroll","background-type":"","background-media":"","overlay-type":"","overlay-color":"","overlay-opacity":"","overlay-gradient":""},"mobile":{"background-color":"var(--ast-global-color-5)","background-image":"","background-repeat":"repeat","background-position":"center center","background-size":"auto","background-attachment":"scroll","background-type":"","background-media":"","overlay-type":"","overlay-color":"","overlay-opacity":"","overlay-gradient":""}}},"product_brand":[],"product_cat":[21,133,17],"product_tag":[],"class_list":{"0":"post-9376","1":"product","2":"type-product","3":"status-publish","4":"has-post-thumbnail","6":"product_cat-zenske-kucne-papuce","7":"product_cat-larus","8":"product_cat-zenska-obuca","9":"desktop-align-left","10":"tablet-align-left","11":"mobile-align-center","12":"ast-product-gallery-layout-horizontal-slider","13":"ast-product-single-variable","14":"ast-product-tabs-layout-horizontal","15":"ast-qv-on-image","17":"first","18":"instock","19":"shipping-taxable","20":"purchasable","21":"product-type-variable"},"aioseo_notices":[],"_links":{"self":[{"href":"https:\/\/lauras.hr\/en\/wp-json\/wp\/v2\/product\/9376","targetHints":{"allow":["GET"]}}],"collection":[{"href":"https:\/\/lauras.hr\/en\/wp-json\/wp\/v2\/product"}],"about":[{"href":"https:\/\/lauras.hr\/en\/wp-json\/wp\/v2\/types\/product"}],"replies":[{"embeddable":true,"href":"https:\/\/lauras.hr\/en\/wp-json\/wp\/v2\/comments?post=9376"}],"wp:featuredmedia":[{"embeddable":true,"href":"https:\/\/lauras.hr\/en\/wp-json\/wp\/v2\/media\/9999"}],"wp:attachment":[{"href":"https:\/\/lauras.hr\/en\/wp-json\/wp\/v2\/media?parent=9376"}],"wp:term":[{"taxonomy":"product_brand","embeddable":true,"href":"https:\/\/lauras.hr\/en\/wp-json\/wp\/v2\/product_brand?post=9376"},{"taxonomy":"product_cat","embeddable":true,"href":"https:\/\/lauras.hr\/en\/wp-json\/wp\/v2\/product_cat?post=9376"},{"taxonomy":"product_tag","embeddable":true,"href":"https:\/\/lauras.hr\/en\/wp-json\/wp\/v2\/product_tag?post=9376"}],"curies":[{"name":"wp","href":"https:\/\/api.w.org\/{rel}","templated":true}]}}