{"id":9884,"date":"2026-01-12T10:02:29","date_gmt":"2026-01-12T10:02:29","guid":{"rendered":"https:\/\/lauras.hr\/?post_type=product&#038;p=9884"},"modified":"2026-01-16T21:44:30","modified_gmt":"2026-01-16T21:44:30","slug":"zenske-kucne-papuca-lisica-281-modra","status":"publish","type":"product","link":"https:\/\/lauras.hr\/en\/product\/zenske-kucne-papuca-lisica-281-modra","title":{"rendered":"\u017dENSKE KU\u0106NE PAPU\u010cA LISICA 281- MODRA"},"content":{"rendered":"<p style=\"text-align: left;\">Integrirani masa\u017eni gel u ko\u017enoj tabanici nje\u017eno masira stopala dok hodate po ku\u0107i, pru\u017eaju\u0107i vam opu\u0161taju\u0107i u\u017eitak i olak\u0161anje od napetosti i umora. Osim \u0161to \u0107ete odmarati i ugrijati svoja stopala u ovim mekanim papu\u010dama, njihov atraktivan izgled podi\u0107i \u0107e va\u0161e raspolo\u017eenje \u010dak i u sivim i hladnim danima. Tople, izdr\u017eljive i izra\u0111ene od prirodnih materijala, idealan su izbor za jesen i zimu. Dostupne u veli\u010dinama od 36-41.<\/p>\n<div>Du\u017eine gazi\u0161ta:<\/div>\n<div>36-23cm<\/div>\n<div>37-23,7cm<\/div>\n<div>38-24,5cm<\/div>\n<div>39-25cm<\/div>\n<div>40-26cm<\/div>\n<div>41-26,7cm<\/div>","protected":false},"excerpt":{"rendered":"<p>Integrirani masa\u017eni gel u ko\u017enoj tabanici nje\u017eno masira stopala dok hodate po ku\u0107i, pru\u017eaju\u0107i vam opu\u0161taju\u0107i u\u017eitak i olak\u0161anje od napetosti i umora.<\/p>","protected":false},"featured_media":9897,"comment_status":"closed","ping_status":"closed","template":"","meta":{"site-sidebar-layout":"default","site-content-layout":"","ast-site-content-layout":"default","site-content-style":"default","site-sidebar-style":"default","ast-global-header-display":"","ast-banner-title-visibility":"","ast-main-header-display":"","ast-hfb-above-header-display":"","ast-hfb-below-header-display":"","ast-hfb-mobile-header-display":"","site-post-title":"","ast-breadcrumbs-content":"","ast-featured-img":"","footer-sml-layout":"","ast-disable-related-posts":"","theme-transparent-header-meta":"default","adv-header-id-meta":"","stick-header-meta":"default","header-above-stick-meta":"","header-main-stick-meta":"","header-below-stick-meta":"","astra-migrate-meta-layouts":"set","ast-page-background-enabled":"default","ast-page-background-meta":{"desktop":{"background-color":"var(--ast-global-color-4)","background-image":"","background-repeat":"repeat","background-position":"center center","background-size":"auto","background-attachment":"scroll","background-type":"","background-media":"","overlay-type":"","overlay-color":"","overlay-opacity":"","overlay-gradient":""},"tablet":{"background-color":"","background-image":"","background-repeat":"repeat","background-position":"center center","background-size":"auto","background-attachment":"scroll","background-type":"","background-media":"","overlay-type":"","overlay-color":"","overlay-opacity":"","overlay-gradient":""},"mobile":{"background-color":"","background-image":"","background-repeat":"repeat","background-position":"center center","background-size":"auto","background-attachment":"scroll","background-type":"","background-media":"","overlay-type":"","overlay-color":"","overlay-opacity":"","overlay-gradient":""}},"ast-content-background-meta":{"desktop":{"background-color":"var(--ast-global-color-5)","background-image":"","background-repeat":"repeat","background-position":"center center","background-size":"auto","background-attachment":"scroll","background-type":"","background-media":"","overlay-type":"","overlay-color":"","overlay-opacity":"","overlay-gradient":""},"tablet":{"background-color":"var(--ast-global-color-5)","background-image":"","background-repeat":"repeat","background-position":"center center","background-size":"auto","background-attachment":"scroll","background-type":"","background-media":"","overlay-type":"","overlay-color":"","overlay-opacity":"","overlay-gradient":""},"mobile":{"background-color":"var(--ast-global-color-5)","background-image":"","background-repeat":"repeat","background-position":"center center","background-size":"auto","background-attachment":"scroll","background-type":"","background-media":"","overlay-type":"","overlay-color":"","overlay-opacity":"","overlay-gradient":""}}},"product_brand":[],"product_cat":[21,132,17],"product_tag":[],"class_list":{"0":"post-9884","1":"product","2":"type-product","3":"status-publish","4":"has-post-thumbnail","6":"product_cat-zenske-kucne-papuce","7":"product_cat-obuca-vesna","8":"product_cat-zenska-obuca","9":"desktop-align-left","10":"tablet-align-left","11":"mobile-align-center","12":"ast-product-gallery-layout-horizontal-slider","13":"ast-product-single-variable","14":"ast-product-tabs-layout-horizontal","15":"ast-qv-on-image","17":"first","18":"instock","19":"shipping-taxable","20":"purchasable","21":"product-type-variable"},"aioseo_notices":[],"_links":{"self":[{"href":"https:\/\/lauras.hr\/en\/wp-json\/wp\/v2\/product\/9884","targetHints":{"allow":["GET"]}}],"collection":[{"href":"https:\/\/lauras.hr\/en\/wp-json\/wp\/v2\/product"}],"about":[{"href":"https:\/\/lauras.hr\/en\/wp-json\/wp\/v2\/types\/product"}],"replies":[{"embeddable":true,"href":"https:\/\/lauras.hr\/en\/wp-json\/wp\/v2\/comments?post=9884"}],"wp:featuredmedia":[{"embeddable":true,"href":"https:\/\/lauras.hr\/en\/wp-json\/wp\/v2\/media\/9897"}],"wp:attachment":[{"href":"https:\/\/lauras.hr\/en\/wp-json\/wp\/v2\/media?parent=9884"}],"wp:term":[{"taxonomy":"product_brand","embeddable":true,"href":"https:\/\/lauras.hr\/en\/wp-json\/wp\/v2\/product_brand?post=9884"},{"taxonomy":"product_cat","embeddable":true,"href":"https:\/\/lauras.hr\/en\/wp-json\/wp\/v2\/product_cat?post=9884"},{"taxonomy":"product_tag","embeddable":true,"href":"https:\/\/lauras.hr\/en\/wp-json\/wp\/v2\/product_tag?post=9884"}],"curies":[{"name":"wp","href":"https:\/\/api.w.org\/{rel}","templated":true}]}}